{"id":207,"date":"2022-06-26T14:57:38","date_gmt":"2022-06-26T12:57:38","guid":{"rendered":"http:\/\/spiralefcc.fr\/?page_id=207"},"modified":"2025-03-22T18:27:59","modified_gmt":"2025-03-22T17:27:59","slug":"nos-formations-pour-mieux-communiquer","status":"publish","type":"page","link":"https:\/\/spiralefcc.fr\/?page_id=207","title":{"rendered":"NOS FORMATIONS POUR MIEUX COMMUNIQUER"},"content":{"rendered":"\n<figure class=\"wp-block-table\"><table class=\"has-fixed-layout\"><tbody><tr><td class=\"has-text-align-center\" data-align=\"center\"><img loading=\"lazy\" decoding=\"async\" width=\"150\" height=\"100\" class=\"wp-image-196\" style=\"width: 150px;\" src=\"http:\/\/spiralefcc.fr\/wp-content\/uploads\/2022\/06\/feedback-g63b2b409e_640.jpg\" alt=\"\" srcset=\"https:\/\/spiralefcc.fr\/wp-content\/uploads\/2022\/06\/feedback-g63b2b409e_640.jpg 640w, https:\/\/spiralefcc.fr\/wp-content\/uploads\/2022\/06\/feedback-g63b2b409e_640-300x200.jpg 300w\" sizes=\"auto, (max-width: 150px) 100vw, 150px\" \/><\/td><td class=\"has-text-align-center\" data-align=\"center\"><a href=\"https:\/\/spiralefcc.fr\/?page_id=194\" data-type=\"link\" data-id=\"https:\/\/spiralefcc.fr\/?page_id=194\">PRISE DE PAROLE EN PUBLIC \u2013 La boite \u00e0 outils du communicant niveau 1<\/a><\/td><\/tr><tr><td class=\"has-text-align-center\" data-align=\"center\"><img loading=\"lazy\" decoding=\"async\" width=\"150\" height=\"100\" class=\"wp-image-203\" style=\"width: 150px;\" src=\"http:\/\/spiralefcc.fr\/wp-content\/uploads\/2022\/06\/public-speaking-g6dbec428e_640.jpg\" alt=\"\" srcset=\"https:\/\/spiralefcc.fr\/wp-content\/uploads\/2022\/06\/public-speaking-g6dbec428e_640.jpg 640w, https:\/\/spiralefcc.fr\/wp-content\/uploads\/2022\/06\/public-speaking-g6dbec428e_640-300x200.jpg 300w\" sizes=\"auto, (max-width: 150px) 100vw, 150px\" \/><\/td><td class=\"has-text-align-center\" data-align=\"center\"><a href=\"https:\/\/spiralefcc.fr\/?page_id=201\">PRISE DE PAROLE EN PUBLIC \u2013 La boite \u00e0 outils du communicant niveau 2<\/a><\/td><\/tr><tr><td class=\"has-text-align-center\" data-align=\"center\"><img loading=\"lazy\" decoding=\"async\" width=\"150\" height=\"100\" class=\"wp-image-1088\" style=\"width: 150px;\" src=\"http:\/\/spiralefcc.fr\/wp-content\/uploads\/2025\/03\/media-training.jpg\" alt=\"\" srcset=\"https:\/\/spiralefcc.fr\/wp-content\/uploads\/2025\/03\/media-training.jpg 612w, https:\/\/spiralefcc.fr\/wp-content\/uploads\/2025\/03\/media-training-300x200.jpg 300w, https:\/\/spiralefcc.fr\/wp-content\/uploads\/2025\/03\/media-training-500x330.jpg 500w\" sizes=\"auto, (max-width: 150px) 100vw, 150px\" \/><\/td><td class=\"has-text-align-center\" data-align=\"center\"><a href=\"http:\/\/MEDIA TRAINING\">MEDIA TRAINING<\/a><\/td><\/tr><tr><td class=\"has-text-align-center\" data-align=\"center\"><img loading=\"lazy\" decoding=\"async\" width=\"150\" height=\"100\" class=\"wp-image-646\" style=\"width: 150px;\" src=\"http:\/\/spiralefcc.fr\/wp-content\/uploads\/2023\/01\/ecriture-03.jpg\" alt=\"\" srcset=\"https:\/\/spiralefcc.fr\/wp-content\/uploads\/2023\/01\/ecriture-03.jpg 612w, https:\/\/spiralefcc.fr\/wp-content\/uploads\/2023\/01\/ecriture-03-300x200.jpg 300w\" sizes=\"auto, (max-width: 150px) 100vw, 150px\" \/><\/td><td class=\"has-text-align-center\" data-align=\"center\"><a href=\"https:\/\/spiralefcc.fr\/?page_id=645\">AUGMENTER SON AISANCE A L\u2019\u00c9CRIT<\/a><\/td><\/tr><tr><td class=\"has-text-align-center\" data-align=\"center\"><img loading=\"lazy\" decoding=\"async\" width=\"150\" height=\"88\" class=\"wp-image-336\" style=\"width: 150px;\" src=\"http:\/\/spiralefcc.fr\/wp-content\/uploads\/2022\/07\/istockphoto-1347652268-170667a.jpg\" alt=\"\" srcset=\"https:\/\/spiralefcc.fr\/wp-content\/uploads\/2022\/07\/istockphoto-1347652268-170667a.jpg 542w, https:\/\/spiralefcc.fr\/wp-content\/uploads\/2022\/07\/istockphoto-1347652268-170667a-300x176.jpg 300w\" sizes=\"auto, (max-width: 150px) 100vw, 150px\" \/><\/td><td class=\"has-text-align-center\" data-align=\"center\"><a href=\"https:\/\/spiralefcc.fr\/?page_id=335\">\u00c9TABLIR UNE COMMUNICATION POSITIVE ET CONSTRUCTIVE<\/a><\/td><\/tr><tr><td class=\"has-text-align-center\" data-align=\"center\"><img loading=\"lazy\" decoding=\"async\" width=\"150\" height=\"100\" class=\"wp-image-144\" style=\"width: 150px;\" src=\"http:\/\/spiralefcc.fr\/wp-content\/uploads\/2022\/06\/social-media-gb010ccef0_640.png\" alt=\"\" srcset=\"https:\/\/spiralefcc.fr\/wp-content\/uploads\/2022\/06\/social-media-gb010ccef0_640.png 640w, https:\/\/spiralefcc.fr\/wp-content\/uploads\/2022\/06\/social-media-gb010ccef0_640-300x200.png 300w\" sizes=\"auto, (max-width: 150px) 100vw, 150px\" \/><\/td><td class=\"has-text-align-center\" data-align=\"center\"><a href=\"https:\/\/spiralefcc.fr\/?page_id=143\">APPUYER SES ACTIONS SUR LA COMMUNICATION (sur diff\u00e9rents supports)<\/a><\/td><\/tr><tr><td class=\"has-text-align-center\" data-align=\"center\"><img loading=\"lazy\" decoding=\"async\" width=\"150\" height=\"94\" class=\"wp-image-330\" style=\"width: 150px;\" src=\"http:\/\/spiralefcc.fr\/wp-content\/uploads\/2022\/07\/talking.jpg\" alt=\"\" srcset=\"https:\/\/spiralefcc.fr\/wp-content\/uploads\/2022\/07\/talking.jpg 612w, https:\/\/spiralefcc.fr\/wp-content\/uploads\/2022\/07\/talking-300x188.jpg 300w\" sizes=\"auto, (max-width: 150px) 100vw, 150px\" \/><\/td><td class=\"has-text-align-center\" data-align=\"center\"><a href=\"https:\/\/spiralefcc.fr\/?page_id=328\">COMMUNIQUER SANS \u201cVIOLENCE\u201d<\/a><\/td><\/tr><\/tbody><\/table><\/figure>\n\n\n\n<p><\/p>\n\n\n\n<p><\/p>\n","protected":false},"excerpt":{"rendered":"<p>PRISE DE PAROLE EN PUBLIC \u2013 La boite \u00e0 outils du communicant niveau 1 PRISE DE PAROLE EN PUBLIC \u2013 La boite \u00e0 outils du communicant niveau 2 MEDIA TRAINING AUGMENTER SON AISANCE A L\u2019\u00c9CRIT \u00c9TABLIR UNE COMMUNICATION POSITIVE ET CONSTRUCTIVE APPUYER SES ACTIONS SUR LA COMMUNICATION (sur diff\u00e9rents supports) COMMUNIQUER SANS \u201cVIOLENCE\u201d<\/p>\n","protected":false},"author":1,"featured_media":212,"parent":0,"menu_order":0,"comment_status":"closed","ping_status":"closed","template":"","meta":{"footnotes":""},"class_list":["post-207","page","type-page","status-publish","has-post-thumbnail","hentry"],"_links":{"self":[{"href":"https:\/\/spiralefcc.fr\/index.php?rest_route=\/wp\/v2\/pages\/207","targetHints":{"allow":["GET"]}}],"collection":[{"href":"https:\/\/spiralefcc.fr\/index.php?rest_route=\/wp\/v2\/pages"}],"about":[{"href":"https:\/\/spiralefcc.fr\/index.php?rest_route=\/wp\/v2\/types\/page"}],"author":[{"embeddable":true,"href":"https:\/\/spiralefcc.fr\/index.php?rest_route=\/wp\/v2\/users\/1"}],"replies":[{"embeddable":true,"href":"https:\/\/spiralefcc.fr\/index.php?rest_route=%2Fwp%2Fv2%2Fcomments&post=207"}],"version-history":[{"count":11,"href":"https:\/\/spiralefcc.fr\/index.php?rest_route=\/wp\/v2\/pages\/207\/revisions"}],"predecessor-version":[{"id":1070,"href":"https:\/\/spiralefcc.fr\/index.php?rest_route=\/wp\/v2\/pages\/207\/revisions\/1070"}],"wp:featuredmedia":[{"embeddable":true,"href":"https:\/\/spiralefcc.fr\/index.php?rest_route=\/wp\/v2\/media\/212"}],"wp:attachment":[{"href":"https:\/\/spiralefcc.fr\/index.php?rest_route=%2Fwp%2Fv2%2Fmedia&parent=207"}],"curies":[{"name":"wp","href":"https:\/\/api.w.org\/{rel}","templated":true}]}}