{"id":216,"date":"2022-06-26T15:15:39","date_gmt":"2022-06-26T13:15:39","guid":{"rendered":"http:\/\/spiralefcc.fr\/?page_id=216"},"modified":"2025-03-22T18:05:39","modified_gmt":"2025-03-22T17:05:39","slug":"nos-formations-aux-soft-skills-competences-comportementales","status":"publish","type":"page","link":"https:\/\/spiralefcc.fr\/?page_id=216","title":{"rendered":"NOS FORMATIONS AUX &#8220;SOFT SKILLS&#8221; (Comp\u00e9tences comportementales)"},"content":{"rendered":"\n<figure class=\"wp-block-table alignright\"><table class=\"has-fixed-layout\"><tbody><tr><td class=\"has-text-align-center\" data-align=\"center\"><img loading=\"lazy\" decoding=\"async\" width=\"150\" height=\"103\" class=\"wp-image-711\" style=\"width: 150px;\" src=\"http:\/\/spiralefcc.fr\/wp-content\/uploads\/2023\/02\/stressless.jpg\" alt=\"\" srcset=\"https:\/\/spiralefcc.fr\/wp-content\/uploads\/2023\/02\/stressless.jpg 612w, https:\/\/spiralefcc.fr\/wp-content\/uploads\/2023\/02\/stressless-300x207.jpg 300w\" sizes=\"auto, (max-width: 150px) 100vw, 150px\" \/><\/td><td><a href=\"https:\/\/spiralefcc.fr\/?page_id=223\" data-type=\"page\" data-id=\"223\">G\u00c9RER EFFICACEMENT LE STRESS DU QUOTIDIEN<\/a><\/td><\/tr><tr><td class=\"has-text-align-center\" data-align=\"center\"><img loading=\"lazy\" decoding=\"async\" width=\"150\" height=\"100\" class=\"wp-image-256\" style=\"width: 150px;\" src=\"http:\/\/spiralefcc.fr\/wp-content\/uploads\/2022\/06\/priority.jpg\" alt=\"\" srcset=\"https:\/\/spiralefcc.fr\/wp-content\/uploads\/2022\/06\/priority.jpg 612w, https:\/\/spiralefcc.fr\/wp-content\/uploads\/2022\/06\/priority-300x200.jpg 300w\" sizes=\"auto, (max-width: 150px) 100vw, 150px\" \/><\/td><td><a href=\"http:\/\/G\u00c9RER SON TEMPS ET SES PRIORIT\u00c9S\">G\u00c9RER SON TEMPS ET SES PRIORIT\u00c9S<\/a><\/td><\/tr><tr><td class=\"has-text-align-center\" data-align=\"center\"><img loading=\"lazy\" decoding=\"async\" width=\"150\" height=\"113\" class=\"wp-image-263\" style=\"width: 150px;\" src=\"http:\/\/spiralefcc.fr\/wp-content\/uploads\/2022\/06\/charismatic2.jpg\" alt=\"\" srcset=\"https:\/\/spiralefcc.fr\/wp-content\/uploads\/2022\/06\/charismatic2.jpg 612w, https:\/\/spiralefcc.fr\/wp-content\/uploads\/2022\/06\/charismatic2-300x225.jpg 300w\" sizes=\"auto, (max-width: 150px) 100vw, 150px\" \/><\/td><td><a href=\"https:\/\/spiralefcc.fr\/?page_id=261\" data-type=\"page\" data-id=\"261\">AUGMENTER SON ESTIME DE SOI ET SON CHARISME<\/a><\/td><\/tr><tr><td class=\"has-text-align-center\" data-align=\"center\"><img loading=\"lazy\" decoding=\"async\" width=\"150\" height=\"106\" class=\"wp-image-941\" style=\"width: 150px;\" src=\"http:\/\/spiralefcc.fr\/wp-content\/uploads\/2024\/05\/team-work.jpg\" alt=\"\" srcset=\"https:\/\/spiralefcc.fr\/wp-content\/uploads\/2024\/05\/team-work.jpg 612w, https:\/\/spiralefcc.fr\/wp-content\/uploads\/2024\/05\/team-work-300x211.jpg 300w\" sizes=\"auto, (max-width: 150px) 100vw, 150px\" \/><\/td><td><a href=\"https:\/\/spiralefcc.fr\/?page_id=939\" data-type=\"page\" data-id=\"939\">OPTIMISER LE TRAVAIL EN \u00c9QUIPE<\/a><\/td><\/tr><tr><td class=\"has-text-align-center\" data-align=\"center\"><img loading=\"lazy\" decoding=\"async\" width=\"150\" height=\"100\" class=\"wp-image-214\" style=\"width: 150px;\" src=\"http:\/\/spiralefcc.fr\/wp-content\/uploads\/2022\/06\/lacher-prise3.jpg\" alt=\"\" srcset=\"https:\/\/spiralefcc.fr\/wp-content\/uploads\/2022\/06\/lacher-prise3.jpg 612w, https:\/\/spiralefcc.fr\/wp-content\/uploads\/2022\/06\/lacher-prise3-300x200.jpg 300w\" sizes=\"auto, (max-width: 150px) 100vw, 150px\" \/><\/td><td><a href=\"https:\/\/spiralefcc.fr\/?page_id=213\">ACCEPTER DE L\u00c2CHER PRISE<\/a><\/td><\/tr><tr><td class=\"has-text-align-center\" data-align=\"center\"><img loading=\"lazy\" decoding=\"async\" width=\"150\" height=\"76\" class=\"wp-image-433\" style=\"width: 150px;\" src=\"http:\/\/spiralefcc.fr\/wp-content\/uploads\/2023\/01\/meeting.jpg\" alt=\"\" srcset=\"https:\/\/spiralefcc.fr\/wp-content\/uploads\/2023\/01\/meeting.jpg 612w, https:\/\/spiralefcc.fr\/wp-content\/uploads\/2023\/01\/meeting-300x152.jpg 300w\" sizes=\"auto, (max-width: 150px) 100vw, 150px\" \/><\/td><td><a href=\"https:\/\/spiralefcc.fr\/?page_id=431\" data-type=\"page\" data-id=\"431\">ANIMER DES R\u00c9UNIONS EFFICACES<\/a><\/td><\/tr><tr><td class=\"has-text-align-center\" data-align=\"center\"><img loading=\"lazy\" decoding=\"async\" width=\"150\" height=\"86\" class=\"wp-image-186\" style=\"width: 150px;\" src=\"http:\/\/spiralefcc.fr\/wp-content\/uploads\/2022\/06\/brain-teaser.jpg\" alt=\"\" srcset=\"https:\/\/spiralefcc.fr\/wp-content\/uploads\/2022\/06\/brain-teaser.jpg 612w, https:\/\/spiralefcc.fr\/wp-content\/uploads\/2022\/06\/brain-teaser-300x172.jpg 300w\" sizes=\"auto, (max-width: 150px) 100vw, 150px\" \/><\/td><td><a href=\"http:\/\/LA GESTION DES SITUATIONS COMPLEXES\">LA GESTION DES SITUATIONS COMPLEXES<\/a><\/td><\/tr><\/tbody><\/table><\/figure>\n\n\n\n<p><\/p>\n","protected":false},"excerpt":{"rendered":"<p>G\u00c9RER EFFICACEMENT LE STRESS DU QUOTIDIEN G\u00c9RER SON TEMPS ET SES PRIORIT\u00c9S AUGMENTER SON ESTIME DE SOI ET SON CHARISME OPTIMISER LE TRAVAIL EN \u00c9QUIPE ACCEPTER DE L\u00c2CHER PRISE ANIMER DES R\u00c9UNIONS EFFICACES LA GESTION DES SITUATIONS COMPLEXES<\/p>\n","protected":false},"author":1,"featured_media":217,"parent":0,"menu_order":0,"comment_status":"closed","ping_status":"closed","template":"","meta":{"footnotes":""},"class_list":["post-216","page","type-page","status-publish","has-post-thumbnail","hentry"],"_links":{"self":[{"href":"https:\/\/spiralefcc.fr\/index.php?rest_route=\/wp\/v2\/pages\/216","targetHints":{"allow":["GET"]}}],"collection":[{"href":"https:\/\/spiralefcc.fr\/index.php?rest_route=\/wp\/v2\/pages"}],"about":[{"href":"https:\/\/spiralefcc.fr\/index.php?rest_route=\/wp\/v2\/types\/page"}],"author":[{"embeddable":true,"href":"https:\/\/spiralefcc.fr\/index.php?rest_route=\/wp\/v2\/users\/1"}],"replies":[{"embeddable":true,"href":"https:\/\/spiralefcc.fr\/index.php?rest_route=%2Fwp%2Fv2%2Fcomments&post=216"}],"version-history":[{"count":13,"href":"https:\/\/spiralefcc.fr\/index.php?rest_route=\/wp\/v2\/pages\/216\/revisions"}],"predecessor-version":[{"id":1068,"href":"https:\/\/spiralefcc.fr\/index.php?rest_route=\/wp\/v2\/pages\/216\/revisions\/1068"}],"wp:featuredmedia":[{"embeddable":true,"href":"https:\/\/spiralefcc.fr\/index.php?rest_route=\/wp\/v2\/media\/217"}],"wp:attachment":[{"href":"https:\/\/spiralefcc.fr\/index.php?rest_route=%2Fwp%2Fv2%2Fmedia&parent=216"}],"curies":[{"name":"wp","href":"https:\/\/api.w.org\/{rel}","templated":true}]}}