{"id":275,"date":"2022-06-29T16:55:36","date_gmt":"2022-06-29T14:55:36","guid":{"rendered":"http:\/\/spiralefcc.fr\/?page_id=275"},"modified":"2025-03-22T18:13:58","modified_gmt":"2025-03-22T17:13:58","slug":"le-conseil-en-ingenierie-de-formation","status":"publish","type":"page","link":"https:\/\/spiralefcc.fr\/?page_id=275","title":{"rendered":"LE CONSEIL EN ING\u00c9NIERIE DE FORMATION"},"content":{"rendered":"\n<h2 class=\"wp-block-heading\">QU&#8217;EST-CE QUE LE CONSEIL EN ING\u00c9NIERIE DE FORMATION ?<\/h2>\n\n\n\n<figure class=\"wp-block-image size-full is-resized\"><img loading=\"lazy\" decoding=\"async\" width=\"612\" height=\"408\" src=\"http:\/\/spiralefcc.fr\/wp-content\/uploads\/2022\/06\/puzzle.jpg\" alt=\"\" class=\"wp-image-280\" style=\"width:242px;height:161px\" srcset=\"https:\/\/spiralefcc.fr\/wp-content\/uploads\/2022\/06\/puzzle.jpg 612w, https:\/\/spiralefcc.fr\/wp-content\/uploads\/2022\/06\/puzzle-300x200.jpg 300w\" sizes=\"auto, (max-width: 612px) 100vw, 612px\" \/><\/figure>\n\n\n\n<p><strong>Le conseil en ing\u00e9nierie de formation est un accompagnement<\/strong> des structures clientes  dans l\u2019\u00e9laboration, la construction et l\u2019animation de leurs actions de formation, tout en respectant les exigences li\u00e9es \u00e0 la formation professionnelle continue.<\/p>\n\n\n\n<p>Le travail se fait en collaboration avec les membres de la structure cliente qui sont des &#8220;experts-m\u00e9tier&#8221;.<\/p>\n\n\n\n<p><strong>Le conseil en ing\u00e9nierie de formation <\/strong>intervient lorsqu\u2019une structure:<\/p>\n\n\n\n<ul class=\"wp-block-list\">\n<li>ne trouve pas de formation \u201ccl\u00e9 en main\u201d qui convienne \u00e0 ses besoins ;<\/li>\n\n\n\n<li>poss\u00e8de des ressources humaines en interne qui sont sp\u00e9cialistes de leur domaine, mais qui n\u2019ont pas l\u2019expertise de la formation pour adulte ;<\/li>\n\n\n\n<li>poss\u00e8de des ressources humaines en interne, mais souhaite l\u2019appui d\u2019un organisme certifi\u00e9 de fa\u00e7on \u00e0 pouvoir b\u00e9n\u00e9ficier des financements li\u00e9s \u00e0 la formation professionnelle ;<\/li>\n\n\n\n<li>&#8230;<\/li>\n<\/ul>\n\n\n\n<h2 class=\"wp-block-heading\">POUR QUI ?<\/h2>\n\n\n\n<figure class=\"wp-block-image size-full is-resized\"><img loading=\"lazy\" decoding=\"async\" width=\"640\" height=\"640\" src=\"http:\/\/spiralefcc.fr\/wp-content\/uploads\/2022\/06\/white-male-gbde77132d_640.jpg\" alt=\"\" class=\"wp-image-276\" style=\"width:218px;height:218px\" srcset=\"https:\/\/spiralefcc.fr\/wp-content\/uploads\/2022\/06\/white-male-gbde77132d_640.jpg 640w, https:\/\/spiralefcc.fr\/wp-content\/uploads\/2022\/06\/white-male-gbde77132d_640-300x300.jpg 300w, https:\/\/spiralefcc.fr\/wp-content\/uploads\/2022\/06\/white-male-gbde77132d_640-150x150.jpg 150w, https:\/\/spiralefcc.fr\/wp-content\/uploads\/2022\/06\/white-male-gbde77132d_640-100x100.jpg 100w\" sizes=\"auto, (max-width: 640px) 100vw, 640px\" \/><\/figure>\n\n\n\n<p>Le conseil en ing\u00e9nierie de formation s&#8217;adresse <\/p>\n\n\n\n<ul class=\"wp-block-list\">\n<li>aux structures dont la <strong>taille est trop petite<\/strong> pour qu\u2019un service \u201cformation interne\u201d ait \u00e9t\u00e9 cr\u00e9\u00e9 ;<\/li>\n\n\n\n<li>aux structures dont les <strong>besoins en formation ont \u00e9volu\u00e9<\/strong> et qui ne sont plus en ad\u00e9quation avec les formations auxquelles elles recouraient avant ; <\/li>\n\n\n\n<li>aux structures qui poss\u00e8dent des <strong>ressources humaines en interne<\/strong> et qui ont\u00a0\u00a0des personnes sp\u00e9cialistes de leur domaine, mais qui n\u2019ont pas l\u2019expertise de la formation pour adulte ;<\/li>\n\n\n\n<li>aux structures qui souhaitent cr\u00e9er des modules de <strong>e-learning<\/strong> pour faciliter l\u2019int\u00e9gration de leurs nouveaux salari\u00e9s ;<\/li>\n\n\n\n<li>aux structures qui souhaitent d\u00e9velopper <strong>l\u2019AFEST <\/strong>(Action de Formation en Situation de Travail).<\/li>\n<\/ul>\n\n\n\n<p><strong>TARIF DE L\u2019ING\u00c9NIERIE DE FORMATION <\/strong>: sur devis, suite au premier entretien.<\/p>\n\n\n\n<p>Z<strong>ONE D&#8217;INTERVENTION <\/strong>: Limousin<\/p>\n\n\n\n<p><\/p>\n\n\n\n<h2 class=\"wp-block-heading\">DES QUESTIONS ? UN DEVIS ?<\/h2>\n\n\n\n<figure class=\"wp-block-image size-full is-resized\"><img loading=\"lazy\" decoding=\"async\" width=\"612\" height=\"408\" src=\"http:\/\/spiralefcc.fr\/wp-content\/uploads\/2022\/06\/question.jpg\" alt=\"\" class=\"wp-image-281\" style=\"width:191px;height:127px\" srcset=\"https:\/\/spiralefcc.fr\/wp-content\/uploads\/2022\/06\/question.jpg 612w, https:\/\/spiralefcc.fr\/wp-content\/uploads\/2022\/06\/question-300x200.jpg 300w\" sizes=\"auto, (max-width: 612px) 100vw, 612px\" \/><\/figure>\n\n\n\n<p>Contactez-nous via le<a href=\"http:\/\/spiralefcc.fr\/?page_id=103\" data-type=\"URL\" data-id=\"http:\/\/spiralefcc.fr\/?page_id=103\" target=\"_blank\" rel=\"noreferrer noopener\"> formulaire de contac<\/a>t disponible sur ce site.<\/p>\n","protected":false},"excerpt":{"rendered":"<p>QU&#8217;EST-CE QUE LE CONSEIL EN ING\u00c9NIERIE DE FORMATION ? Le conseil en ing\u00e9nierie de formation est un accompagnement des structures clientes dans l\u2019\u00e9laboration, la construction et l\u2019animation de leurs actions de formation, tout en respectant les exigences li\u00e9es \u00e0 la formation professionnelle continue. Le travail se fait en collaboration avec les membres de la structure cliente qui sont des &#8220;experts-m\u00e9tier&#8221;. Le conseil en ing\u00e9nierie de formation intervient lorsqu\u2019une structure: POUR QUI ? Le conseil en ing\u00e9nierie de formation s&#8217;adresse TARIF DE L\u2019ING\u00c9NIERIE DE FORMATION : sur devis, suite au premier entretien. ZONE D&#8217;INTERVENTION : Limousin DES QUESTIONS ? UN DEVIS ? Contactez-nous via le formulaire de contact disponible sur ce site.<\/p>\n","protected":false},"author":1,"featured_media":19,"parent":0,"menu_order":0,"comment_status":"closed","ping_status":"closed","template":"","meta":{"footnotes":""},"class_list":["post-275","page","type-page","status-publish","has-post-thumbnail","hentry"],"_links":{"self":[{"href":"https:\/\/spiralefcc.fr\/index.php?rest_route=\/wp\/v2\/pages\/275","targetHints":{"allow":["GET"]}}],"collection":[{"href":"https:\/\/spiralefcc.fr\/index.php?rest_route=\/wp\/v2\/pages"}],"about":[{"href":"https:\/\/spiralefcc.fr\/index.php?rest_route=\/wp\/v2\/types\/page"}],"author":[{"embeddable":true,"href":"https:\/\/spiralefcc.fr\/index.php?rest_route=\/wp\/v2\/users\/1"}],"replies":[{"embeddable":true,"href":"https:\/\/spiralefcc.fr\/index.php?rest_route=%2Fwp%2Fv2%2Fcomments&post=275"}],"version-history":[{"count":5,"href":"https:\/\/spiralefcc.fr\/index.php?rest_route=\/wp\/v2\/pages\/275\/revisions"}],"predecessor-version":[{"id":1078,"href":"https:\/\/spiralefcc.fr\/index.php?rest_route=\/wp\/v2\/pages\/275\/revisions\/1078"}],"wp:featuredmedia":[{"embeddable":true,"href":"https:\/\/spiralefcc.fr\/index.php?rest_route=\/wp\/v2\/media\/19"}],"wp:attachment":[{"href":"https:\/\/spiralefcc.fr\/index.php?rest_route=%2Fwp%2Fv2%2Fmedia&parent=275"}],"curies":[{"name":"wp","href":"https:\/\/api.w.org\/{rel}","templated":true}]}}