{"id":293,"date":"2022-06-29T17:48:54","date_gmt":"2022-06-29T15:48:54","guid":{"rendered":"http:\/\/spiralefcc.fr\/?page_id=293"},"modified":"2025-03-22T18:09:30","modified_gmt":"2025-03-22T17:09:30","slug":"formations-pour-les-formateurs","status":"publish","type":"page","link":"https:\/\/spiralefcc.fr\/?page_id=293","title":{"rendered":"NOS FORMATIONS POUR LES FORMATEURS"},"content":{"rendered":"\n<p>Les modules pr\u00e9sent\u00e9s peuvent \u00eatre suivis dans un parcours co-construit avec le stagiaire ou de mani\u00e8re ind\u00e9pendante (\u00e0 la carte).<\/p>\n\n\n\n<figure class=\"wp-block-table aligncenter\"><table class=\"has-fixed-layout\"><tbody><tr><td><img loading=\"lazy\" decoding=\"async\" width=\"150\" height=\"100\" class=\"wp-image-539\" style=\"width: 150px;\" src=\"http:\/\/spiralefcc.fr\/wp-content\/uploads\/2023\/01\/formation07.jpg\" alt=\"\" srcset=\"https:\/\/spiralefcc.fr\/wp-content\/uploads\/2023\/01\/formation07.jpg 612w, https:\/\/spiralefcc.fr\/wp-content\/uploads\/2023\/01\/formation07-300x200.jpg 300w\" sizes=\"auto, (max-width: 150px) 100vw, 150px\" \/><\/td><td class=\"has-text-align-center\" data-align=\"center\"><a href=\"https:\/\/spiralefcc.fr\/?page_id=534\" data-type=\"page\" data-id=\"534\">FORMATEUR 1 : CONCEVOIR UNE ACTION DE FORMATION COLLECTIVE<\/a><\/td><\/tr><tr><td><img loading=\"lazy\" decoding=\"async\" width=\"150\" height=\"100\" class=\"wp-image-421\" style=\"width: 150px;\" src=\"http:\/\/spiralefcc.fr\/wp-content\/uploads\/2022\/10\/formation06.jpg\" alt=\"\" srcset=\"https:\/\/spiralefcc.fr\/wp-content\/uploads\/2022\/10\/formation06.jpg 612w, https:\/\/spiralefcc.fr\/wp-content\/uploads\/2022\/10\/formation06-300x200.jpg 300w\" sizes=\"auto, (max-width: 150px) 100vw, 150px\" \/><\/td><td class=\"has-text-align-center\" data-align=\"center\"><a href=\"https:\/\/spiralefcc.fr\/?page_id=418\" data-type=\"page\" data-id=\"418\">FORMATEUR 2 : AM\u00c9LIORER \u00ab\u00a0L\u2019EXP\u00c9RIENCE CLIENT\u00a0\u00bb DES STAGIAIRES<\/a><\/td><\/tr><tr><td><img loading=\"lazy\" decoding=\"async\" width=\"150\" height=\"100\" class=\"wp-image-288\" style=\"width: 150px;\" src=\"http:\/\/spiralefcc.fr\/wp-content\/uploads\/2022\/06\/formation04.jpg\" alt=\"\" srcset=\"https:\/\/spiralefcc.fr\/wp-content\/uploads\/2022\/06\/formation04.jpg 612w, https:\/\/spiralefcc.fr\/wp-content\/uploads\/2022\/06\/formation04-300x200.jpg 300w\" sizes=\"auto, (max-width: 150px) 100vw, 150px\" \/><\/td><td class=\"has-text-align-center\" data-align=\"center\"><a href=\"https:\/\/spiralefcc.fr\/?page_id=287\" data-type=\"page\" data-id=\"287\">FORMATEUR 3 : CR\u00c9ER UN CONTENU P\u00c9DAGOGIQUE CONFORME AUX ATTENTES DU RNQ (R\u00e9f\u00e9rentiel National Qualit\u00e9)<\/a><\/td><\/tr><\/tbody><\/table><\/figure>\n\n\n\n<p><\/p>\n\n\n\n<p><\/p>\n","protected":false},"excerpt":{"rendered":"<p>Les modules pr\u00e9sent\u00e9s peuvent \u00eatre suivis dans un parcours co-construit avec le stagiaire ou de mani\u00e8re ind\u00e9pendante (\u00e0 la carte). FORMATEUR 1 : CONCEVOIR UNE ACTION DE FORMATION COLLECTIVE FORMATEUR 2 : AM\u00c9LIORER \u00ab\u00a0L\u2019EXP\u00c9RIENCE CLIENT\u00a0\u00bb DES STAGIAIRES FORMATEUR 3 : CR\u00c9ER UN CONTENU P\u00c9DAGOGIQUE CONFORME AUX ATTENTES DU RNQ (R\u00e9f\u00e9rentiel National Qualit\u00e9)<\/p>\n","protected":false},"author":1,"featured_media":294,"parent":0,"menu_order":0,"comment_status":"closed","ping_status":"closed","template":"","meta":{"footnotes":""},"class_list":["post-293","page","type-page","status-publish","has-post-thumbnail","hentry"],"_links":{"self":[{"href":"https:\/\/spiralefcc.fr\/index.php?rest_route=\/wp\/v2\/pages\/293","targetHints":{"allow":["GET"]}}],"collection":[{"href":"https:\/\/spiralefcc.fr\/index.php?rest_route=\/wp\/v2\/pages"}],"about":[{"href":"https:\/\/spiralefcc.fr\/index.php?rest_route=\/wp\/v2\/types\/page"}],"author":[{"embeddable":true,"href":"https:\/\/spiralefcc.fr\/index.php?rest_route=\/wp\/v2\/users\/1"}],"replies":[{"embeddable":true,"href":"https:\/\/spiralefcc.fr\/index.php?rest_route=%2Fwp%2Fv2%2Fcomments&post=293"}],"version-history":[{"count":7,"href":"https:\/\/spiralefcc.fr\/index.php?rest_route=\/wp\/v2\/pages\/293\/revisions"}],"predecessor-version":[{"id":1073,"href":"https:\/\/spiralefcc.fr\/index.php?rest_route=\/wp\/v2\/pages\/293\/revisions\/1073"}],"wp:featuredmedia":[{"embeddable":true,"href":"https:\/\/spiralefcc.fr\/index.php?rest_route=\/wp\/v2\/media\/294"}],"wp:attachment":[{"href":"https:\/\/spiralefcc.fr\/index.php?rest_route=%2Fwp%2Fv2%2Fmedia&parent=293"}],"curies":[{"name":"wp","href":"https:\/\/api.w.org\/{rel}","templated":true}]}}