{"id":312,"date":"2022-07-26T17:43:51","date_gmt":"2022-07-26T15:43:51","guid":{"rendered":"http:\/\/spiralefcc.fr\/?page_id=312"},"modified":"2025-03-23T16:46:18","modified_gmt":"2025-03-23T15:46:18","slug":"qui-sommes-nous","status":"publish","type":"page","link":"https:\/\/spiralefcc.fr\/?page_id=312","title":{"rendered":"QUI SOMMES-NOUS ?"},"content":{"rendered":"\n<p><strong>INFORMATIONS G\u00c9N\u00c9RALES:<\/strong><\/p>\n\n\n\n<p>Spirale Formation Conseil Coaching est une Soci\u00e9t\u00e9 par Actions Simplifi\u00e9e Unipersonnelle, cr\u00e9\u00e9e en mars 2022 par Diane VANTALON-MENDEZ.<\/p>\n\n\n\n<p>Son si\u00e8ge social est situ\u00e9 \u00e0 DARNETS 19300.<\/p>\n\n\n\n<p>N\u00b0 SIRET : <em>911198406 000<\/em>33<\/p>\n\n\n\n<p>N\u00b0 de d\u00e9claration d&#8217;activit\u00e9 : 93 05 00928 05 PACA (Cet enregistrement ne vaut pas agr\u00e9ment de l\u2019\u00c9tat)<\/p>\n\n\n\n<hr class=\"wp-block-separator has-alpha-channel-opacity\"\/>\n\n\n\n<p><\/p>\n\n\n\n<p><strong>NOTRE ZONE D&#8217;INTERVENTION : <\/strong><\/p>\n\n\n\n<ul class=\"wp-block-list\">\n<li>Pour les <strong>formations, <\/strong>nous pouvons intervenir dans <strong>France enti\u00e8re<\/strong>. Les frais de d\u00e9placement des formateurs sont calcul\u00e9s en fonction du lieu d\u2019intervention :<\/li>\n<\/ul>\n\n\n\n<figure class=\"wp-block-table\"><table><tbody><tr><td class=\"has-text-align-center\" data-align=\"center\"><strong>Distance entre le domicile du formateur et le lieu de formation<\/strong><\/td><td class=\"has-text-align-center\" data-align=\"center\"><strong>Forfait d\u00e9placement\/jour<\/strong>*<\/td><\/tr><tr><td class=\"has-text-align-center\" data-align=\"center\">Entre 0 et 15 km<\/td><td class=\"has-text-align-center\" data-align=\"center\">20,00 \u20ac<\/td><\/tr><tr><td class=\"has-text-align-center\" data-align=\"center\">Entre 16 et 20 km<\/td><td class=\"has-text-align-center\" data-align=\"center\">28,00 \u20ac<\/td><\/tr><tr><td class=\"has-text-align-center\" data-align=\"center\">Entre 21 et 30 km<\/td><td class=\"has-text-align-center\" data-align=\"center\">40,00 \u20ac<\/td><\/tr><tr><td class=\"has-text-align-center\" data-align=\"center\">Entre 31 et 50 km<\/td><td class=\"has-text-align-center\" data-align=\"center\">65,00 \u20ac<\/td><\/tr><tr><td class=\"has-text-align-center\" data-align=\"center\">Entre 51 et 75 km<\/td><td class=\"has-text-align-center\" data-align=\"center\">100,00 \u20ac<\/td><\/tr><tr><td class=\"has-text-align-center\" data-align=\"center\">Entre 76 et 100 km<\/td><td class=\"has-text-align-center\" data-align=\"center\">140,00 \u20ac<\/td><\/tr><tr><td class=\"has-text-align-center\" data-align=\"center\">Au del\u00e0 de 100 km<\/td><td class=\"has-text-align-center\" data-align=\"center\">A n\u00e9gocier + envisager h\u00e9bergement<\/td><\/tr><\/tbody><\/table><\/figure>\n\n\n\n<ul class=\"wp-block-list\">\n<li>Pour le <strong>conseil en ing\u00e9nierie de formation<\/strong>, nous pouvons aussi intervenir dans France enti\u00e8re. Les frais de d\u00e9placement du consultant sont identiques \u00e0 ceux des formateurs (<em>voir tableau plus haut).<\/em><\/li>\n<\/ul>\n\n\n\n<p>Suivant les missions, le travail \u00e0 effectuer peut se faire \u00e0 distance et les \u00e9changes peuvent avoir lieu en visioconf\u00e9rence. Dans ce cas-l\u00e0, aucun frais de d\u00e9placement ne sera factur\u00e9.<\/p>\n\n\n\n<ul class=\"wp-block-list\">\n<li>Pour le <strong>coaching<\/strong>, nous intervenons dans les Hautes-Alpes et la Corr\u00e8ze en pr\u00e9sentiel. Le d\u00e9placement sera inclus dans le tarif de l\u2019intervention.<\/li>\n<\/ul>\n\n\n\n<hr class=\"wp-block-separator has-alpha-channel-opacity\"\/>\n\n\n\n<p><\/p>\n\n\n\n<p><strong>NOTRE \u00c9QUIPE P\u00c9DAGOGIQUE : <\/strong><\/p>\n\n\n\n<figure class=\"wp-block-table\"><table><tbody><tr><td><img loading=\"lazy\" decoding=\"async\" width=\"180\" height=\"254\" class=\"wp-image-289\" style=\"width: 180px;\" src=\"http:\/\/spiralefcc.fr\/wp-content\/uploads\/2022\/06\/Diane-e1658926422544.png\" alt=\"\" srcset=\"https:\/\/spiralefcc.fr\/wp-content\/uploads\/2022\/06\/Diane-e1658926422544.png 1080w, https:\/\/spiralefcc.fr\/wp-content\/uploads\/2022\/06\/Diane-e1658926422544-213x300.png 213w, https:\/\/spiralefcc.fr\/wp-content\/uploads\/2022\/06\/Diane-e1658926422544-727x1024.png 727w, https:\/\/spiralefcc.fr\/wp-content\/uploads\/2022\/06\/Diane-e1658926422544-768x1082.png 768w\" sizes=\"auto, (max-width: 180px) 100vw, 180px\" \/><\/td><td><strong><mark style=\"background-color:rgba(0, 0, 0, 0)\" class=\"has-inline-color has-vivid-cyan-blue-color\">Diane VANTALON-MENDEZ<\/mark><\/strong><br><strong>FORMATRICE \/ RESPONSABLE P\u00c9DAGOGIQUE<\/strong> \/ <strong>R\u00c9F\u00c9RENTE HANDICAP<\/strong><br>&#8211; Fondatrice de Spirale FCC. Sp\u00e9cialiste en ing\u00e9nierie de formation.<br>&#8211; D\u00e9tentrice du Titre Professionnel de Formateur Professionnel d\u2019Adultes.<br>&#8211; A permis \u00e0 plusieurs organismes de formation d\u2019obtenir leur certification Qualiopi (dont Spirale FCC)<br>&#8211; Accompagne des formateurs ind\u00e9pendants dans l\u2019\u00e9laboration de leurs outils p\u00e9dagogiques.<br>&#8211; Con\u00e7oit et anime des sessions de formation.<br>&#8211; A obtenu un score de 946\/1000 au Certificat Voltaire<sup data-fn=\"80c071ff-7b85-42af-94cc-ba239e33537b\" class=\"fn\"><a href=\"#80c071ff-7b85-42af-94cc-ba239e33537b\" id=\"80c071ff-7b85-42af-94cc-ba239e33537b-link\">1<\/a><\/sup><\/td><\/tr><\/tbody><\/table><\/figure>\n\n\n<ol class=\"wp-block-footnotes has-small-font-size\"><li id=\"80c071ff-7b85-42af-94cc-ba239e33537b\">(code de v\u00e9rification WNPVP4E sur le site <a href=\"https:\/\/mon.certificat-voltaire.fr\/verification-certificat\">https:\/\/mon.certificat-voltaire.fr\/verification-certificat<\/a>)<sup data-fn=\"26f749af-f85d-402b-8fc9-ef545f854cf1\" class=\"fn\"><a href=\"#26f749af-f85d-402b-8fc9-ef545f854cf1\" id=\"26f749af-f85d-402b-8fc9-ef545f854cf1-link\">1<\/a><\/sup> <a href=\"#80c071ff-7b85-42af-94cc-ba239e33537b-link\" aria-label=\"Jump to footnote reference 1\">\u21a9\ufe0e<\/a><\/li><\/ol>\n\n\n<figure class=\"wp-block-table\"><table><tbody><tr><td><img loading=\"lazy\" decoding=\"async\" width=\"250\" height=\"267\" class=\"wp-image-154\" style=\"width: 250px;\" src=\"http:\/\/spiralefcc.fr\/wp-content\/uploads\/2022\/06\/HeaderV2-min-e1658926388176.jpg\" alt=\"\" srcset=\"https:\/\/spiralefcc.fr\/wp-content\/uploads\/2022\/06\/HeaderV2-min-e1658926388176.jpg 1250w, https:\/\/spiralefcc.fr\/wp-content\/uploads\/2022\/06\/HeaderV2-min-e1658926388176-281x300.jpg 281w, https:\/\/spiralefcc.fr\/wp-content\/uploads\/2022\/06\/HeaderV2-min-e1658926388176-959x1024.jpg 959w, https:\/\/spiralefcc.fr\/wp-content\/uploads\/2022\/06\/HeaderV2-min-e1658926388176-768x820.jpg 768w\" sizes=\"auto, (max-width: 250px) 100vw, 250px\" \/><\/td><td><strong><mark style=\"background-color:rgba(0, 0, 0, 0)\" class=\"has-inline-color has-vivid-cyan-blue-color\">Christophe ROSANVALLON<\/mark><\/strong><br><strong>FORMATEUR \/ COACH \/ PR\u00c9PARATEUR MENTAL<\/strong><br>Sp\u00e9cialiste en management, communication, art oratoire ainsi qu\u2019en comp\u00e9tences comportementales (soft skills) telles que&nbsp;:<br>&#8211; G\u00e9rer efficacement le stress du quotidien<br>&#8211; G\u00e9rer son temps et ses priorit\u00e9s<br>&#8211; \u00c9tablir une communication positive et constructive<br>&#8211; Accepter de l\u00e2cher-prise&nbsp;;<br>&#8211; Communiquer sans violence<br>&#8211; Augmenter son estime de soi et son charisme<br><br>Il coache r\u00e9guli\u00e8rement des personnalit\u00e9s du monde sportif et du monde politique.<\/td><\/tr><\/tbody><\/table><\/figure>\n\n\n\n\n","protected":false},"excerpt":{"rendered":"<p>INFORMATIONS G\u00c9N\u00c9RALES: Spirale Formation Conseil Coaching est une Soci\u00e9t\u00e9 par Actions Simplifi\u00e9e Unipersonnelle, cr\u00e9\u00e9e en mars 2022 par Diane VANTALON-MENDEZ. Son si\u00e8ge social est situ\u00e9 \u00e0 DARNETS 19300. N\u00b0 SIRET : 911198406 00033 N\u00b0 de d\u00e9claration d&#8217;activit\u00e9 : 93 05 00928 05 PACA (Cet enregistrement ne vaut pas agr\u00e9ment de l\u2019\u00c9tat) NOTRE ZONE D&#8217;INTERVENTION : Distance entre le domicile du formateur et le lieu de formation Forfait d\u00e9placement\/jour* Entre 0 et 15 km 20,00 \u20ac Entre 16 et 20 km 28,00 \u20ac Entre 21 et 30 km 40,00 \u20ac Entre 31 et 50 km 65,00 \u20ac Entre 51 et 75 km 100,00 \u20ac Entre 76 et 100 km 140,00 \u20ac Au del\u00e0 de 100 km A n\u00e9gocier + envisager h\u00e9bergement Suivant les missions, le travail \u00e0 effectuer peut se faire \u00e0 distance et les \u00e9changes peuvent avoir lieu en visioconf\u00e9rence. Dans ce cas-l\u00e0, aucun frais de d\u00e9placement ne sera factur\u00e9. NOTRE \u00c9QUIPE P\u00c9DAGOGIQUE : Diane VANTALON-MENDEZFORMATRICE \/ RESPONSABLE P\u00c9DAGOGIQUE \/ R\u00c9F\u00c9RENTE HANDICAP&#8211; Fondatrice de Spirale FCC. Sp\u00e9cialiste en ing\u00e9nierie de formation.&#8211; D\u00e9tentrice du Titre Professionnel de Formateur Professionnel d\u2019Adultes.&#8211; A permis \u00e0 plusieurs organismes de formation d\u2019obtenir leur certification Qualiopi (dont Spirale FCC)&#8211; Accompagne des formateurs ind\u00e9pendants dans l\u2019\u00e9laboration de leurs outils p\u00e9dagogiques.&#8211; Con\u00e7oit et anime des sessions de formation.&#8211; A obtenu un score de 946\/1000 au Certificat Voltaire Christophe ROSANVALLONFORMATEUR \/ COACH \/ PR\u00c9PARATEUR MENTALSp\u00e9cialiste en management, communication, art oratoire ainsi qu\u2019en comp\u00e9tences comportementales (soft skills) telles que&nbsp;:&#8211; G\u00e9rer efficacement le stress du quotidien&#8211; G\u00e9rer son temps et ses priorit\u00e9s&#8211; \u00c9tablir une communication positive et constructive&#8211; Accepter de l\u00e2cher-prise&nbsp;;&#8211; Communiquer sans violence&#8211; Augmenter son estime de soi et son charisme Il coache r\u00e9guli\u00e8rement des personnalit\u00e9s du monde sportif et du monde politique.<\/p>\n","protected":false},"author":1,"featured_media":128,"parent":0,"menu_order":0,"comment_status":"closed","ping_status":"closed","template":"","meta":{"footnotes":"[{\"content\":\"(code de v\u00e9rification WNPVP4E sur le site <a href=\\\"https:\/\/mon.certificat-voltaire.fr\/verification-certificat\\\">https:\/\/mon.certificat-voltaire.fr\/verification-certificat<\/a>)<sup data-fn=\\\"26f749af-f85d-402b-8fc9-ef545f854cf1\\\" class=\\\"fn\\\"><a href=\\\"#26f749af-f85d-402b-8fc9-ef545f854cf1\\\" id=\\\"26f749af-f85d-402b-8fc9-ef545f854cf1-link\\\">1<\/a><\/sup>\",\"id\":\"80c071ff-7b85-42af-94cc-ba239e33537b\"}]"},"class_list":["post-312","page","type-page","status-publish","has-post-thumbnail","hentry"],"_links":{"self":[{"href":"https:\/\/spiralefcc.fr\/index.php?rest_route=\/wp\/v2\/pages\/312","targetHints":{"allow":["GET"]}}],"collection":[{"href":"https:\/\/spiralefcc.fr\/index.php?rest_route=\/wp\/v2\/pages"}],"about":[{"href":"https:\/\/spiralefcc.fr\/index.php?rest_route=\/wp\/v2\/types\/page"}],"author":[{"embeddable":true,"href":"https:\/\/spiralefcc.fr\/index.php?rest_route=\/wp\/v2\/users\/1"}],"replies":[{"embeddable":true,"href":"https:\/\/spiralefcc.fr\/index.php?rest_route=%2Fwp%2Fv2%2Fcomments&post=312"}],"version-history":[{"count":14,"href":"https:\/\/spiralefcc.fr\/index.php?rest_route=\/wp\/v2\/pages\/312\/revisions"}],"predecessor-version":[{"id":1208,"href":"https:\/\/spiralefcc.fr\/index.php?rest_route=\/wp\/v2\/pages\/312\/revisions\/1208"}],"wp:featuredmedia":[{"embeddable":true,"href":"https:\/\/spiralefcc.fr\/index.php?rest_route=\/wp\/v2\/media\/128"}],"wp:attachment":[{"href":"https:\/\/spiralefcc.fr\/index.php?rest_route=%2Fwp%2Fv2%2Fmedia&parent=312"}],"curies":[{"name":"wp","href":"https:\/\/api.w.org\/{rel}","templated":true}]}}