{"id":317,"date":"2022-07-26T18:15:53","date_gmt":"2022-07-26T16:15:53","guid":{"rendered":"http:\/\/spiralefcc.fr\/?page_id=317"},"modified":"2025-03-22T18:15:10","modified_gmt":"2025-03-22T17:15:10","slug":"le-coaching-scolaire","status":"publish","type":"page","link":"https:\/\/spiralefcc.fr\/?page_id=317","title":{"rendered":"LE COACHING SCOLAIRE"},"content":{"rendered":"\n<p><\/p>\n\n\n\n<p><strong>De quoi parle-t-on&nbsp;?<\/strong><\/p>\n\n\n\n<p>Lorsque l\u2019on parle de coaching scolaire, on parle de l\u2019accompagnement d\u2019un \u00e9l\u00e8ve ou d\u2019un \u00e9tudiant par un professionnel, afin de l\u2019aider \u00e0 mieux vivre sa scolarit\u00e9.<\/p>\n\n\n\n<p>En s\u2019appuyant sur ses comp\u00e9tences de coach et ses connaissances en p\u00e9dagogie, le coach scolaire va aider l\u2019\u00e9l\u00e8ve \u00e0 surmonter les difficult\u00e9s rencontr\u00e9es dans le cadre scolaire.<\/p>\n\n\n\n<p>Exemples de difficult\u00e9s rencontr\u00e9es par les \u00e9l\u00e8ves&nbsp;:<\/p>\n\n\n\n<ul class=\"wp-block-list\">\n<li>Une baisse des r\u00e9sultats scolaires\u00a0;<\/li>\n\n\n\n<li>Une diminution de la motivation\u00a0;<\/li>\n\n\n\n<li>Un d\u00e9faut de m\u00e9thodologie\n<ul class=\"wp-block-list\">\n<li>pour apprendre ou m\u00e9moriser ses le\u00e7ons\u00a0;<\/li>\n\n\n\n<li>pour pr\u00e9parer un examen\u00a0;<\/li>\n\n\n\n<li>pour s\u2019organiser dans ses apprentissages\u00a0;<\/li>\n\n\n\n<li>pour g\u00e9rer son temps\u00a0;<\/li>\n<\/ul>\n<\/li>\n\n\n\n<li>Toute difficult\u00e9 en lien avec la vie scolaire et affectant l\u2019\u00e9panouissement de l\u2019apprenant.<\/li>\n<\/ul>\n\n\n\n<p>En fonction des objectifs que l\u2019\u00e9l\u00e8ve se sera fix\u00e9s, le coach scolaire va donner des pistes \u00e0 l\u2019\u00e9l\u00e8ve afin qu\u2019il se pose les bonnes questions et qu\u2019il (re)devienne ma\u00eetre de ses apprentissages.<\/p>\n\n\n\n<p>Chaque objectif sera r\u00e9dig\u00e9 de mani\u00e8re SMART&nbsp;:<\/p>\n\n\n\n<ul class=\"wp-block-list\">\n<li><strong>Simple\u00a0;<\/strong><\/li>\n\n\n\n<li><strong>Mesurable\u00a0;<\/strong><\/li>\n\n\n\n<li><strong>Acceptable\u00a0;<\/strong><\/li>\n\n\n\n<li><strong>R\u00e9aliste\u00a0;<\/strong><\/li>\n\n\n\n<li><strong>Temporellement d\u00e9fini.<\/strong><\/li>\n<\/ul>\n\n\n\n<p>Si l\u2019\u00e9l\u00e8ve a plusieurs objectifs \u00e0 atteindre, chacun d\u2019eux fera l\u2019objet d\u2019une attention particuli\u00e8re.<\/p>\n\n\n\n<p>Le but du coach scolaire est de conduire l\u2019\u00e9l\u00e8ve vers l\u2019autonomie.<\/p>\n\n\n\n<p><\/p>\n\n\n\n<hr class=\"wp-block-separator has-alpha-channel-opacity\"\/>\n\n\n\n<p><strong>TARIF DE L\u2019ACCOMPAGNEMENT<\/strong>\u00a0: sur devis.<\/p>\n\n\n\n<p><strong>ZONE D&#8217;INTERVENTION<\/strong>\u00a0: Corr\u00e8ze<\/p>\n\n\n\n<p><strong><a href=\"http:\/\/spiralefcc.fr\/?page_id=103\" data-type=\"URL\" data-id=\"http:\/\/spiralefcc.fr\/?page_id=103\" target=\"_blank\" rel=\"noreferrer noopener\">Contactez-nous<\/a> pour en savoir plus.<\/strong><\/p>\n\n\n\n<p><\/p>\n","protected":false},"excerpt":{"rendered":"<p>De quoi parle-t-on&nbsp;? Lorsque l\u2019on parle de coaching scolaire, on parle de l\u2019accompagnement d\u2019un \u00e9l\u00e8ve ou d\u2019un \u00e9tudiant par un professionnel, afin de l\u2019aider \u00e0 mieux vivre sa scolarit\u00e9. En s\u2019appuyant sur ses comp\u00e9tences de coach et ses connaissances en p\u00e9dagogie, le coach scolaire va aider l\u2019\u00e9l\u00e8ve \u00e0 surmonter les difficult\u00e9s rencontr\u00e9es dans le cadre scolaire. Exemples de difficult\u00e9s rencontr\u00e9es par les \u00e9l\u00e8ves&nbsp;: En fonction des objectifs que l\u2019\u00e9l\u00e8ve se sera fix\u00e9s, le coach scolaire va donner des pistes \u00e0 l\u2019\u00e9l\u00e8ve afin qu\u2019il se pose les bonnes questions et qu\u2019il (re)devienne ma\u00eetre de ses apprentissages. Chaque objectif sera r\u00e9dig\u00e9 de mani\u00e8re SMART&nbsp;: Si l\u2019\u00e9l\u00e8ve a plusieurs objectifs \u00e0 atteindre, chacun d\u2019eux fera l\u2019objet d\u2019une attention particuli\u00e8re. Le but du coach scolaire est de conduire l\u2019\u00e9l\u00e8ve vers l\u2019autonomie. TARIF DE L\u2019ACCOMPAGNEMENT\u00a0: sur devis. ZONE D&#8217;INTERVENTION\u00a0: Corr\u00e8ze Contactez-nous pour en savoir plus.<\/p>\n","protected":false},"author":1,"featured_media":318,"parent":0,"menu_order":0,"comment_status":"closed","ping_status":"closed","template":"","meta":{"footnotes":""},"class_list":["post-317","page","type-page","status-publish","has-post-thumbnail","hentry"],"_links":{"self":[{"href":"https:\/\/spiralefcc.fr\/index.php?rest_route=\/wp\/v2\/pages\/317","targetHints":{"allow":["GET"]}}],"collection":[{"href":"https:\/\/spiralefcc.fr\/index.php?rest_route=\/wp\/v2\/pages"}],"about":[{"href":"https:\/\/spiralefcc.fr\/index.php?rest_route=\/wp\/v2\/types\/page"}],"author":[{"embeddable":true,"href":"https:\/\/spiralefcc.fr\/index.php?rest_route=\/wp\/v2\/users\/1"}],"replies":[{"embeddable":true,"href":"https:\/\/spiralefcc.fr\/index.php?rest_route=%2Fwp%2Fv2%2Fcomments&post=317"}],"version-history":[{"count":4,"href":"https:\/\/spiralefcc.fr\/index.php?rest_route=\/wp\/v2\/pages\/317\/revisions"}],"predecessor-version":[{"id":1079,"href":"https:\/\/spiralefcc.fr\/index.php?rest_route=\/wp\/v2\/pages\/317\/revisions\/1079"}],"wp:featuredmedia":[{"embeddable":true,"href":"https:\/\/spiralefcc.fr\/index.php?rest_route=\/wp\/v2\/media\/318"}],"wp:attachment":[{"href":"https:\/\/spiralefcc.fr\/index.php?rest_route=%2Fwp%2Fv2%2Fmedia&parent=317"}],"curies":[{"name":"wp","href":"https:\/\/api.w.org\/{rel}","templated":true}]}}