{"id":49,"date":"2022-06-25T15:08:44","date_gmt":"2022-06-25T13:08:44","guid":{"rendered":"http:\/\/spiralefcc.fr\/?page_id=49"},"modified":"2025-03-23T17:38:37","modified_gmt":"2025-03-23T16:38:37","slug":"conditions-generales-de-vente","status":"publish","type":"page","link":"https:\/\/spiralefcc.fr\/?page_id=49","title":{"rendered":"CONDITIONS G\u00c9N\u00c9RALES DE VENTE"},"content":{"rendered":"\n<h1 class=\"wp-block-heading\">&nbsp;Pr\u00e9ambule<\/h1>\n\n\n\n<p>SAS SPIRALE FORMATION CONSEIL COACHING, N\u00b0 SIRET <em>911198406 00017<\/em>, dont le si\u00e8ge social est situ\u00e9 5, rue de la Bourre 19300 DARNETS (ci-apr\u00e8s \u00ab SAS SPIRALE FORMATION CONSEIL COACHING\u00bb) organise et dispense des formations professionnelles. Son activit\u00e9 de dispensateur de formation est enregistr\u00e9e sous le num\u00e9ro <em>93 05 00928 05<\/em> par le pr\u00e9fet de r\u00e9gion de Provence-Alpes-C\u00f4te d\u2019Azur (cet enregistrement ne vaut pas agr\u00e9ment de l\u2019\u00e9tat.).<\/p>\n\n\n\n<p>La signature par le Client des pr\u00e9sentes Conditions G\u00e9n\u00e9rales de Vente (ci-apr\u00e8s \u00ab CGV \u00bb) emporte leur acceptation pleine et enti\u00e8re. Les CGV pr\u00e9valent sur tout autre document du Client, et notamment sur toutes conditions g\u00e9n\u00e9rales d\u2019achat, sauf accord cadres ou accord commercial sp\u00e9cifique r\u00e9alis\u00e9 avec le client.<\/p>\n\n\n\n<h1 class=\"wp-block-heading\">Inscription<\/h1>\n\n\n\n<p>Vous disposez des possibilit\u00e9s suivantes pour vous inscrire :<\/p>\n\n\n\n<ul class=\"wp-block-list\">\n<li>par le formulaire de contact dont le lien se trouve sur le site Internet ;<\/li>\n\n\n\n<li>par mail <strong>contact  @  spiralefcc.fr<\/strong>  (sans les espaces autour de l&#8217;arobase)<\/li>\n<\/ul>\n\n\n\n<h1 class=\"wp-block-heading\">Annulation \u2013 Remplacement<\/h1>\n\n\n\n<p>Pour \u00eatre prise en compte, toute annulation doit \u00eatre communiqu\u00e9e par \u00e9crit.<\/p>\n\n\n\n<p>Vous disposez de la facult\u00e9 d\u2019annuler une inscription sans frais sous r\u00e9serve d\u2019en informer SAS SPIRALE FORMATION CONSEIL COACHING par lettre recommand\u00e9e avec accus\u00e9 de r\u00e9ception ou par courriel avec accus\u00e9 de r\u00e9ception \u00e0 l\u2019adresse mail indiqu\u00e9e plus haut, re\u00e7u au plus tard quinze [15] jours ouvr\u00e9s avant la date de la formation.<\/p>\n\n\n\n<p>En cas de renoncement par le b\u00e9n\u00e9ficiaire avant le d\u00e9but du programme de formation<\/p>\n\n\n\n<ul class=\"wp-block-list\">\n<li>Dans un d\u00e9lai sup\u00e9rieur \u00e0 1 mois avant le d\u00e9but de la formation :\n<ul class=\"wp-block-list\">\n<li>0% du co\u00fbt de la formation est d\u00fb.<\/li>\n<\/ul>\n<\/li>\n\n\n\n<li>Dans un d\u00e9lai compris entre 1 mois et 2 semaines avant le d\u00e9but de la formation :\n<ul class=\"wp-block-list\">\n<li>50 % du co\u00fbt de la formation est d\u00fb.<\/li>\n<\/ul>\n<\/li>\n\n\n\n<li>Dans un d\u00e9lai inf\u00e9rieur \u00e0 2 semaines avant le d\u00e9but de la formation :\n<ul class=\"wp-block-list\">\n<li>100 % du co\u00fbt de la formation est d\u00fb.<\/li>\n<\/ul>\n<\/li>\n<\/ul>\n\n\n\n<p>Le co\u00fbt ne pourra faire l\u2019objet d\u2019une demande de remboursement ou de prise en charge par l\u2019OPCO.<\/p>\n\n\n\n<p>Toute formation \u00e0 laquelle le participant ne s\u2019est pas pr\u00e9sent\u00e9 ou n\u2019a assist\u00e9 que partiellement est due en totalit\u00e9.<\/p>\n\n\n\n<p>Pour les formations sur mesure, le report d\u2019une session ne donne pas lieu \u00e0 facturation des indemnit\u00e9s d\u2019annulation sous la r\u00e9serve d\u2019un engagement \u00e9crit du client sur les nouvelles dates de r\u00e9alisation.<\/p>\n\n\n\n<p>SAS SPIRALE FORMATION CONSEIL COACHING se r\u00e9serve le droit, si le nombre de participants \u00e0 une formation est jug\u00e9 insuffisant sur le plan p\u00e9dagogique, d\u2019annuler cette formation au plus tard quinze [15] jours ouvr\u00e9s avant la date pr\u00e9vue.<\/p>\n\n\n\n<p>SAS SPIRALE FORMATION CONSEIL COACHING se r\u00e9serve le droit de reporter la formation, de modifier le lieu de son d\u00e9roulement, le contenu de son programme ou de remplacer un animateur, si des circonstances ind\u00e9pendantes de sa volont\u00e9 l\u2019y obligent.<\/p>\n\n\n\n<p>SAS SPIRALE FORMATION CONSEIL COACHING se r\u00e9serve le droit, sans indemnit\u00e9 de quelque nature que ce soit :<\/p>\n\n\n\n<ol class=\"wp-block-list\">\n<li>de refuser toute inscription ou acc\u00e8s \u00e0 un Client qui ne serait pas \u00e0 jour de ses paiements&nbsp;;<\/li>\n\n\n\n<li>d\u2019exclure tout participant qui aurait proc\u00e9d\u00e9 \u00e0 de fausses d\u00e9clarations lors de l\u2019inscription et ce, sans indemnit\u00e9.<\/li>\n<\/ol>\n\n\n\n<h1 class=\"wp-block-heading\">Tarifs \u2013 Paiement<\/h1>\n\n\n\n<p>Tous les tarifs sont indiqu\u00e9s nets de taxes (sous condition de l\u2019application des dispositions l\u00e9gales).<\/p>\n\n\n\n<p>Nos tarifs comprennent la formation, la fourniture du mat\u00e9riel technique, la documentation p\u00e9dagogique remise pendant la formation, les fichiers \u00e9lectroniques mis \u00e0 disposition le cas \u00e9ch\u00e9ant.<\/p>\n\n\n\n<p>Le r\u00e8glement du prix de la formation s\u2019effectue par ch\u00e8que \u00e0 l\u2019ordre de SAS SPIRALE FORMATION CONSEIL COACHING ou virement bancaire.<\/p>\n\n\n\n<p><strong>Le paiement sera d\u00fb \u00e0 r\u00e9ception de la facture<\/strong><\/p>\n\n\n\n<p>En cas de paiement effectu\u00e9 par un OPCO, le dossier de prise en charge par votre OPCO doit nous parvenir avant le 1er jour de la formation. Si SAS SPIRALE FORMATION CONSEIL COACHING n\u2019a pas r\u00e9ceptionn\u00e9 l\u2019accord de financement, vous serez factur\u00e9 de l\u2019int\u00e9gralit\u00e9 du co\u00fbt de la formation.<\/p>\n\n\n\n<p>En cas de prise en charge partielle par l\u2019OPCO, la part non prise en charge vous sera directement factur\u00e9e.<\/p>\n\n\n\n<p>Toute facture non pay\u00e9e \u00e0 \u00e9ch\u00e9ance portera de plein droit, int\u00e9r\u00eat au taux d\u2019int\u00e9r\u00eat appliqu\u00e9 par la Banque Centrale Europ\u00e9enne \u00e0 son op\u00e9ration de refinancement la plus r\u00e9cente major\u00e9 de 10 (dix) points.<\/p>\n\n\n\n<p>Application d\u2019une indemnit\u00e9 forfaitaire de 40 \u20ac en cas de retard de paiement (Articles L. 441-3, L.441-4 et L.441-6 du code de commerce) en sus des p\u00e9nalit\u00e9s de retard \u00e0 d\u00e9faut de paiement d\u2019une seule facture \u00e0 son \u00e9ch\u00e9ance, l\u2019int\u00e9gralit\u00e9 des sommes dues par le Client deviendra imm\u00e9diatement exigible.<\/p>\n\n\n\n<p>Toute facture recouvr\u00e9e par nos services contentieux sera major\u00e9e, \u00e0 titre de clause p\u00e9nale non r\u00e9ductible au sens de l\u2019article 1229 du Code Civil, d\u2019une indemnit\u00e9 fix\u00e9e \u00e0 15 (quinze) % du montant des sommes exigibles<\/p>\n\n\n\n<h1 class=\"wp-block-heading\">Propri\u00e9t\u00e9 intellectuelle<\/h1>\n\n\n\n<p>Dans le cadre du respect des droits de propri\u00e9t\u00e9 intellectuelle attach\u00e9s aux supports de cours ou autres ressources p\u00e9dagogiques mis \u00e0 la seule disposition des participants de la formation, le Client s\u2019interdit de reproduire, directement ou indirectement, en totalit\u00e9 ou en partie, d\u2019adapter, de modifier, de traduire, de repr\u00e9senter, de commercialiser ou de diffuser \u00e0 des membres de son personnel non participants aux formations SAS SPIRALE FORMATION CONSEIL COACHING ou \u00e0 des tiers, les dits supports et ressources p\u00e9dagogiques sans l\u2019autorisation expresse, pr\u00e9alable et \u00e9crite de SAS SPIRALE FORMATION CONSEIL COACHING ou de ses ayants droit.<\/p>\n\n\n\n<h2 class=\"wp-block-heading\">&nbsp;Informatique et libert\u00e9s<\/h2>\n\n\n\n<p>Conform\u00e9ment aux dispositions de la Loi n\u00b02004-801du 6 ao\u00fbt 2004 modifiant la loi n\u00b078-17 du 6 janvier 1978 dite \u00ab Loi Informatique et Libert\u00e9s \u00bb, relative \u00e0 l\u2019informatique, aux fichiers et aux libert\u00e9s, les informations qui vous sont demand\u00e9es sont n\u00e9cessaires au traitement de votre inscription et sont destin\u00e9es aux services de SAS SPIRALE FORMATION CONSEIL COACHING.<\/p>\n\n\n\n<p>Vous pouvez exercer, conform\u00e9ment aux dispositions des articles 39, 40, 41, et 42 de la Loi 78-17 du&nbsp; 6 janvier 1978 modifi\u00e9e, vos droits d\u2019acc\u00e8s, de rectification et d\u2019opposition en vous adressant \u00e0 SAS SPIRALE FORMATION CONSEIL COACHING.<\/p>\n\n\n\n<p>Pour plus d\u2019informations \u00e0 ce sujet, consulter la page sur les <a href=\"http:\/\/spiralefcc.fr\/?page_id=99\" data-type=\"URL\" data-id=\"http:\/\/spiralefcc.fr\/?page_id=99\" target=\"_blank\" rel=\"noreferrer noopener\">mentions g\u00e9n\u00e9rales sur la protection des donn\u00e9es.<\/a><\/p>\n\n\n\n<h1 class=\"wp-block-heading\">Loi applicable \u2013 Attribution de comp\u00e9tence<\/h1>\n\n\n\n<p>Le pr\u00e9sent accord est r\u00e9gi par le droit fran\u00e7ais.<\/p>\n\n\n\n<p>En cas de contestation sur l\u2019interpr\u00e9tation ou l\u2019ex\u00e9cution de l\u2019une de ces dispositions, et \u00e0 d\u00e9faut d\u2019un accord amiable des parties, le Tribunal de Gap sera seul comp\u00e9tent pour r\u00e9gler le litige.<\/p>\n","protected":false},"excerpt":{"rendered":"<p>&nbsp;Pr\u00e9ambule SAS SPIRALE FORMATION CONSEIL COACHING, N\u00b0 SIRET 911198406 00017, dont le si\u00e8ge social est situ\u00e9 5, rue de la Bourre 19300 DARNETS (ci-apr\u00e8s \u00ab SAS SPIRALE FORMATION CONSEIL COACHING\u00bb) organise et dispense des formations professionnelles. Son activit\u00e9 de dispensateur de formation est enregistr\u00e9e sous le num\u00e9ro 93 05 00928 05 par le pr\u00e9fet de r\u00e9gion de Provence-Alpes-C\u00f4te d\u2019Azur (cet enregistrement ne vaut pas agr\u00e9ment de l\u2019\u00e9tat.). La signature par le Client des pr\u00e9sentes Conditions G\u00e9n\u00e9rales de Vente (ci-apr\u00e8s \u00ab CGV \u00bb) emporte leur acceptation pleine et enti\u00e8re. Les CGV pr\u00e9valent sur tout autre document du Client, et notamment sur toutes conditions g\u00e9n\u00e9rales d\u2019achat, sauf accord cadres ou accord commercial sp\u00e9cifique r\u00e9alis\u00e9 avec le client. Inscription Vous disposez des possibilit\u00e9s suivantes pour vous inscrire : Annulation \u2013 Remplacement Pour \u00eatre prise en compte, toute annulation doit \u00eatre communiqu\u00e9e par \u00e9crit. Vous disposez de la facult\u00e9 d\u2019annuler une inscription sans frais sous r\u00e9serve d\u2019en informer SAS SPIRALE FORMATION CONSEIL COACHING par lettre recommand\u00e9e avec accus\u00e9 de r\u00e9ception ou par courriel avec accus\u00e9 de r\u00e9ception \u00e0 l\u2019adresse mail indiqu\u00e9e plus haut, re\u00e7u au plus tard quinze [15] jours ouvr\u00e9s avant la date de la formation. En cas de renoncement par le b\u00e9n\u00e9ficiaire avant le d\u00e9but du programme de formation Le co\u00fbt ne pourra faire l\u2019objet d\u2019une demande de remboursement ou de prise en charge par l\u2019OPCO. Toute formation \u00e0 laquelle le participant ne s\u2019est pas pr\u00e9sent\u00e9 ou n\u2019a assist\u00e9 que partiellement est due en totalit\u00e9. Pour les formations sur mesure, le report d\u2019une session ne donne pas lieu \u00e0 facturation des indemnit\u00e9s d\u2019annulation sous la r\u00e9serve d\u2019un engagement \u00e9crit du client sur les nouvelles dates de r\u00e9alisation. SAS SPIRALE FORMATION CONSEIL COACHING se r\u00e9serve le droit, si le nombre de participants \u00e0 une formation est jug\u00e9 insuffisant sur le plan p\u00e9dagogique, d\u2019annuler cette formation au plus tard quinze [15] jours ouvr\u00e9s avant la date pr\u00e9vue. SAS SPIRALE FORMATION CONSEIL COACHING se r\u00e9serve le droit de reporter la formation, de modifier le lieu de son d\u00e9roulement, le contenu de son programme ou de remplacer un animateur, si des circonstances ind\u00e9pendantes de sa volont\u00e9 l\u2019y obligent. SAS SPIRALE FORMATION CONSEIL COACHING se r\u00e9serve le droit, sans indemnit\u00e9 de quelque nature que ce soit : Tarifs \u2013 Paiement Tous les tarifs sont indiqu\u00e9s nets de taxes (sous condition de l\u2019application des dispositions l\u00e9gales). Nos tarifs comprennent la formation, la fourniture du mat\u00e9riel technique, la documentation p\u00e9dagogique remise pendant la formation, les fichiers \u00e9lectroniques mis \u00e0 disposition le cas \u00e9ch\u00e9ant. Le r\u00e8glement du prix de la formation s\u2019effectue par ch\u00e8que \u00e0 l\u2019ordre de SAS SPIRALE FORMATION CONSEIL COACHING ou virement bancaire. Le paiement sera d\u00fb \u00e0 r\u00e9ception de la facture En cas de paiement effectu\u00e9 par un OPCO, le dossier de prise en charge par votre OPCO doit nous parvenir avant le 1er jour de la formation. Si SAS SPIRALE FORMATION CONSEIL COACHING n\u2019a pas r\u00e9ceptionn\u00e9 l\u2019accord de financement, vous serez factur\u00e9 de l\u2019int\u00e9gralit\u00e9 du co\u00fbt de la formation. En cas de prise en charge partielle par l\u2019OPCO, la part non prise en charge vous sera directement factur\u00e9e. Toute facture non pay\u00e9e \u00e0 \u00e9ch\u00e9ance portera de plein droit, int\u00e9r\u00eat au taux d\u2019int\u00e9r\u00eat appliqu\u00e9 par la Banque Centrale Europ\u00e9enne \u00e0 son op\u00e9ration de refinancement la plus r\u00e9cente major\u00e9 de 10 (dix) points. Application d\u2019une indemnit\u00e9 forfaitaire de 40 \u20ac en cas de retard de paiement (Articles L. 441-3, L.441-4 et L.441-6 du code de commerce) en sus des p\u00e9nalit\u00e9s de retard \u00e0 d\u00e9faut de paiement d\u2019une seule facture \u00e0 son \u00e9ch\u00e9ance, l\u2019int\u00e9gralit\u00e9 des sommes dues par le Client deviendra imm\u00e9diatement exigible. Toute facture recouvr\u00e9e par nos services contentieux sera major\u00e9e, \u00e0 titre de clause p\u00e9nale non r\u00e9ductible au sens de l\u2019article 1229 du Code Civil, d\u2019une indemnit\u00e9 fix\u00e9e \u00e0 15 (quinze) % du montant des sommes exigibles Propri\u00e9t\u00e9 intellectuelle Dans le cadre du respect des droits de propri\u00e9t\u00e9 intellectuelle attach\u00e9s aux supports de cours ou autres ressources p\u00e9dagogiques mis \u00e0 la seule disposition des participants de la formation, le Client s\u2019interdit de reproduire, directement ou indirectement, en totalit\u00e9 ou en partie, d\u2019adapter, de modifier, de traduire, de repr\u00e9senter, de commercialiser ou de diffuser \u00e0 des membres de son personnel non participants aux formations SAS SPIRALE FORMATION CONSEIL COACHING ou \u00e0 des tiers, les dits supports et ressources p\u00e9dagogiques sans l\u2019autorisation expresse, pr\u00e9alable et \u00e9crite de SAS SPIRALE FORMATION CONSEIL COACHING ou de ses ayants droit. &nbsp;Informatique et libert\u00e9s Conform\u00e9ment aux dispositions de la Loi n\u00b02004-801du 6 ao\u00fbt 2004 modifiant la loi n\u00b078-17 du 6 janvier 1978 dite \u00ab Loi Informatique et Libert\u00e9s \u00bb, relative \u00e0 l\u2019informatique, aux fichiers et aux libert\u00e9s, les informations qui vous sont demand\u00e9es sont n\u00e9cessaires au traitement de votre inscription et sont destin\u00e9es aux services de SAS SPIRALE FORMATION CONSEIL COACHING. Vous pouvez exercer, conform\u00e9ment aux dispositions des articles 39, 40, 41, et 42 de la Loi 78-17 du&nbsp; 6 janvier 1978 modifi\u00e9e, vos droits d\u2019acc\u00e8s, de rectification et d\u2019opposition en vous adressant \u00e0 SAS SPIRALE FORMATION CONSEIL COACHING. Pour plus d\u2019informations \u00e0 ce sujet, consulter la page sur les mentions g\u00e9n\u00e9rales sur la protection des donn\u00e9es. Loi applicable \u2013 Attribution de comp\u00e9tence Le pr\u00e9sent accord est r\u00e9gi par le droit fran\u00e7ais. En cas de contestation sur l\u2019interpr\u00e9tation ou l\u2019ex\u00e9cution de l\u2019une de ces dispositions, et \u00e0 d\u00e9faut d\u2019un accord amiable des parties, le Tribunal de Gap sera seul comp\u00e9tent pour r\u00e9gler le litige.<\/p>\n","protected":false},"author":1,"featured_media":67,"parent":0,"menu_order":0,"comment_status":"closed","ping_status":"closed","template":"","meta":{"footnotes":""},"class_list":["post-49","page","type-page","status-publish","has-post-thumbnail","hentry"],"_links":{"self":[{"href":"https:\/\/spiralefcc.fr\/index.php?rest_route=\/wp\/v2\/pages\/49","targetHints":{"allow":["GET"]}}],"collection":[{"href":"https:\/\/spiralefcc.fr\/index.php?rest_route=\/wp\/v2\/pages"}],"about":[{"href":"https:\/\/spiralefcc.fr\/index.php?rest_route=\/wp\/v2\/types\/page"}],"author":[{"embeddable":true,"href":"https:\/\/spiralefcc.fr\/index.php?rest_route=\/wp\/v2\/users\/1"}],"replies":[{"embeddable":true,"href":"https:\/\/spiralefcc.fr\/index.php?rest_route=%2Fwp%2Fv2%2Fcomments&post=49"}],"version-history":[{"count":6,"href":"https:\/\/spiralefcc.fr\/index.php?rest_route=\/wp\/v2\/pages\/49\/revisions"}],"predecessor-version":[{"id":1211,"href":"https:\/\/spiralefcc.fr\/index.php?rest_route=\/wp\/v2\/pages\/49\/revisions\/1211"}],"wp:featuredmedia":[{"embeddable":true,"href":"https:\/\/spiralefcc.fr\/index.php?rest_route=\/wp\/v2\/media\/67"}],"wp:attachment":[{"href":"https:\/\/spiralefcc.fr\/index.php?rest_route=%2Fwp%2Fv2%2Fmedia&parent=49"}],"curies":[{"name":"wp","href":"https:\/\/api.w.org\/{rel}","templated":true}]}}