{"id":51,"date":"2022-06-25T15:14:27","date_gmt":"2022-06-25T13:14:27","guid":{"rendered":"http:\/\/spiralefcc.fr\/?page_id=51"},"modified":"2023-09-08T12:04:26","modified_gmt":"2023-09-08T10:04:26","slug":"modalites-dinscription","status":"publish","type":"page","link":"https:\/\/spiralefcc.fr\/?page_id=51","title":{"rendered":"MODALIT\u00c9S D&#8217;INSCRIPTION"},"content":{"rendered":"\n<p><strong>Pour vous inscrire :<\/strong><\/p>\n\n\n\n<ul class=\"wp-block-list\">\n<li>Par le <a rel=\"noreferrer noopener\" href=\"http:\/\/spiralefcc.fr\/?page_id=103\" data-type=\"URL\" data-id=\"http:\/\/spiralefcc.fr\/?page_id=103\" target=\"_blank\">formulaire de contact<\/a> en pr\u00e9cisant \u00ab&nbsp;inscription&nbsp;\u00bb parmi les diff\u00e9rents choix ;<\/li>\n\n\n\n<li>Par courrier \u00e9lectronique : <strong>contact @ spiralefcc.fr<\/strong> (sans les espaces autour de l&#8217;arobase).<\/li>\n<\/ul>\n\n\n\n<p><\/p>\n\n\n\n<p><strong>Acc\u00e8s \u00e0 la formation&nbsp;:<\/strong><\/p>\n\n\n\n<ul class=\"wp-block-list\">\n<li>La dur\u00e9e estim\u00e9e entre la demande et le d\u00e9but de la formation est variable entre 1 et 3  mois en fonction du profil des candidats et des modalit\u00e9s de prises en charge.<\/li>\n\n\n\n<li>Accessible aux personnes en situation de handicap. <em>Nous consulter pour tout am\u00e9nagement de parcours.<\/em><\/li>\n\n\n\n<li><em>Les dates sont co-planifi\u00e9es avec le client. Nous consulter.<\/em><\/li>\n<\/ul>\n","protected":false},"excerpt":{"rendered":"<p>Pour vous inscrire : Acc\u00e8s \u00e0 la formation&nbsp;:<\/p>\n","protected":false},"author":1,"featured_media":55,"parent":0,"menu_order":0,"comment_status":"closed","ping_status":"closed","template":"","meta":{"footnotes":""},"class_list":["post-51","page","type-page","status-publish","has-post-thumbnail","hentry"],"_links":{"self":[{"href":"https:\/\/spiralefcc.fr\/index.php?rest_route=\/wp\/v2\/pages\/51","targetHints":{"allow":["GET"]}}],"collection":[{"href":"https:\/\/spiralefcc.fr\/index.php?rest_route=\/wp\/v2\/pages"}],"about":[{"href":"https:\/\/spiralefcc.fr\/index.php?rest_route=\/wp\/v2\/types\/page"}],"author":[{"embeddable":true,"href":"https:\/\/spiralefcc.fr\/index.php?rest_route=\/wp\/v2\/users\/1"}],"replies":[{"embeddable":true,"href":"https:\/\/spiralefcc.fr\/index.php?rest_route=%2Fwp%2Fv2%2Fcomments&post=51"}],"version-history":[{"count":7,"href":"https:\/\/spiralefcc.fr\/index.php?rest_route=\/wp\/v2\/pages\/51\/revisions"}],"predecessor-version":[{"id":790,"href":"https:\/\/spiralefcc.fr\/index.php?rest_route=\/wp\/v2\/pages\/51\/revisions\/790"}],"wp:featuredmedia":[{"embeddable":true,"href":"https:\/\/spiralefcc.fr\/index.php?rest_route=\/wp\/v2\/media\/55"}],"wp:attachment":[{"href":"https:\/\/spiralefcc.fr\/index.php?rest_route=%2Fwp%2Fv2%2Fmedia&parent=51"}],"curies":[{"name":"wp","href":"https:\/\/api.w.org\/{rel}","templated":true}]}}