{"id":568,"date":"2023-01-13T11:47:10","date_gmt":"2023-01-13T10:47:10","guid":{"rendered":"http:\/\/spiralefcc.fr\/?page_id=568"},"modified":"2025-03-22T18:30:46","modified_gmt":"2025-03-22T17:30:46","slug":"indicateurs-de-resultats","status":"publish","type":"page","link":"https:\/\/spiralefcc.fr\/?page_id=568","title":{"rendered":"INDICATEURS DE R\u00c9SULTATS"},"content":{"rendered":"\n<p><a href=\"https:\/\/spiralefcc.fr\/?page_id=839\" data-type=\"page\" data-id=\"839\">Indicateurs de r\u00e9sultats ann\u00e9e 2022<\/a><\/p>\n\n\n\n<p><a href=\"https:\/\/spiralefcc.fr\/?page_id=844\" data-type=\"page\" data-id=\"844\">Indicateurs de r\u00e9sultats ann\u00e9e 2023<\/a><\/p>\n\n\n\n<p><\/p>\n","protected":false},"excerpt":{"rendered":"<p>Indicateurs de r\u00e9sultats ann\u00e9e 2022 Indicateurs de r\u00e9sultats ann\u00e9e 2023<\/p>\n","protected":false},"author":1,"featured_media":596,"parent":0,"menu_order":0,"comment_status":"closed","ping_status":"closed","template":"","meta":{"footnotes":""},"class_list":["post-568","page","type-page","status-publish","has-post-thumbnail","hentry"],"_links":{"self":[{"href":"https:\/\/spiralefcc.fr\/index.php?rest_route=\/wp\/v2\/pages\/568","targetHints":{"allow":["GET"]}}],"collection":[{"href":"https:\/\/spiralefcc.fr\/index.php?rest_route=\/wp\/v2\/pages"}],"about":[{"href":"https:\/\/spiralefcc.fr\/index.php?rest_route=\/wp\/v2\/types\/page"}],"author":[{"embeddable":true,"href":"https:\/\/spiralefcc.fr\/index.php?rest_route=\/wp\/v2\/users\/1"}],"replies":[{"embeddable":true,"href":"https:\/\/spiralefcc.fr\/index.php?rest_route=%2Fwp%2Fv2%2Fcomments&post=568"}],"version-history":[{"count":9,"href":"https:\/\/spiralefcc.fr\/index.php?rest_route=\/wp\/v2\/pages\/568\/revisions"}],"predecessor-version":[{"id":1097,"href":"https:\/\/spiralefcc.fr\/index.php?rest_route=\/wp\/v2\/pages\/568\/revisions\/1097"}],"wp:featuredmedia":[{"embeddable":true,"href":"https:\/\/spiralefcc.fr\/index.php?rest_route=\/wp\/v2\/media\/596"}],"wp:attachment":[{"href":"https:\/\/spiralefcc.fr\/index.php?rest_route=%2Fwp%2Fv2%2Fmedia&parent=568"}],"curies":[{"name":"wp","href":"https:\/\/api.w.org\/{rel}","templated":true}]}}