{"id":71,"date":"2022-06-25T16:04:58","date_gmt":"2022-06-25T14:04:58","guid":{"rendered":"http:\/\/spiralefcc.fr\/?page_id=71"},"modified":"2025-03-23T17:39:26","modified_gmt":"2025-03-23T16:39:26","slug":"informations-legales","status":"publish","type":"page","link":"https:\/\/spiralefcc.fr\/?page_id=71","title":{"rendered":"INFORMATIONS L\u00c9GALES"},"content":{"rendered":"\n<p>Vous venez d\u2019acc\u00e9der au site Internet de <strong>SPIRALE FORMATION CONSEIL COACHING<\/strong><\/p>\n\n\n\n<p><strong>Pr\u00e9sidente<\/strong>&nbsp;: Madame Diane VANTALON-MENDEZ<\/p>\n\n\n\n<p>Pour toutes remarques sur le site, vous pouvez  :<\/p>\n\n\n\n<ul class=\"wp-block-list\">\n<li>envoyer un mail \u00e0 : <strong>contact @ spiralefcc.fr<\/strong> (sans les espaces autour de l\u2019arobase)<\/li>\n\n\n\n<li>ou remplissez le <a href=\"http:\/\/spiralefcc.fr\/?page_id=103\" data-type=\"URL\" data-id=\"http:\/\/spiralefcc.fr\/?page_id=103\" target=\"_blank\" rel=\"noreferrer noopener\">formulaire de contact<\/a> en s\u00e9lectionnant &#8220;remarque sur le site&#8221; parmi les diff\u00e9rents choix.<\/li>\n<\/ul>\n\n\n\n<p>Pour toute r\u00e9clamation ou plainte, veuillez formuler vos demandes exclusivement par voie postale \u00e0 l\u2019adresse ci dessous :<\/p>\n\n\n\n<p><strong>SPIRALE FORMATION CONSEIL COACHING<\/strong><\/p>\n\n\n\n<p>5, rue de la Bourre<\/p>\n\n\n\n<p>19300 DARNETS<\/p>\n\n\n\n<p><strong>Protection des donn\u00e9es personnelles<\/strong><\/p>\n\n\n\n<p>Les informations que vous communiquez \u00e0 <strong>SPIRALE FORMATION CONSEIL COACHING<\/strong> font l\u2019objet d\u2019un enregistrement informatique destin\u00e9 \u00e0 faciliter nos \u00e9changes. Elles sont destin\u00e9es uniquement aux services en charge de r\u00e9pondre \u00e0 votre demande. Pour plus d\u2019information concernant vos donn\u00e9es personnelles, cliquer sur <a href=\"http:\/\/spiralefcc.fr\/?page_id=99\" data-type=\"URL\" data-id=\"http:\/\/spiralefcc.fr\/?page_id=99\" target=\"_blank\" rel=\"noreferrer noopener\">ce lien<\/a>.<\/p>\n\n\n\n<p><strong>Droits d\u2019auteur \u2013 Copyright<\/strong><\/p>\n\n\n\n<p>L\u2019ensemble de ce site rel\u00e8ve de la l\u00e9gislation fran\u00e7aise et internationale sur le droit d\u2019auteur et la propri\u00e9t\u00e9 intellectuelle. Tous les droits de reproduction sont r\u00e9serv\u00e9s, y compris les documents t\u00e9l\u00e9chargeables et les repr\u00e9sentations iconographiques et photographiques.<\/p>\n\n\n\n<p>La reproduction de tout ou partie de ce site sur un support \u00e9lectronique, quel qu\u2019il soit, est formellement interdite, sauf autorisation expresse du directeur de la publication.<\/p>\n\n\n\n<p>La reproduction des textes de ce site sur un support papier est possible pour une utilisation personnelle ou \u00e0 titre p\u00e9dagogique sous certaines conditions :<\/p>\n\n\n\n<p>\u2022 Gratuit\u00e9 de la diffusion ;<\/p>\n\n\n\n<p>\u2022 Respect de l\u2019int\u00e9grit\u00e9 des documents reproduits : pas de modification ni d\u2019alt\u00e9ration d\u2019aucune sorte ;<\/p>\n\n\n\n<p>\u2022 Citation claire et visible de la source d\u2019information sous la forme suivante, par exemple : \u00ab&nbsp;Ce document provient du site Internet de <strong>SPIRALE FORMATION CONSEIL COACHING<\/strong> <a href=\"http:\/\/www.spiralefcc.fr\/\" target=\"_blank\" rel=\"noreferrer noopener\">www.spiralefcc.fr<\/a>&nbsp;\u00bb. &nbsp;L\u2019adresse Internet doit imp\u00e9rativement figurer dans la r\u00e9f\u00e9rence. Pour d\u2019autres utilisations, veuillez nous consulter.<\/p>\n\n\n\n<p>La reproduction des textes, tableaux, graphiques, photos\u2026 de ce site sur un support-papier ou \u00e9lectronique est interdite :<\/p>\n\n\n\n<p>\u2022 Dans un but commercial ou de distribution.<\/p>\n\n\n\n<p>\u2022 Par extraction r\u00e9p\u00e9t\u00e9e ou syst\u00e9matique d\u2019\u00e9l\u00e9ment prot\u00e9g\u00e9 ou non du site de SPIRALE FORMATION CONSEIL COACHING <a rel=\"noreferrer noopener\" href=\"http:\/\/www.spiralefcc.fr\/\" target=\"_blank\">www.spiralefcc.fr<\/a> lui causant un pr\u00e9judice quelconque.<\/p>\n\n\n\n<p>\u2022 Par le m\u00e9canisme de liens. Sp\u00e9cialement lors de la pr\u00e9sentation d\u2019une page du site de SPIRALE FORMATION CONSEIL COACHING <a rel=\"noreferrer noopener\" href=\"http:\/\/www.spiralefcc.fr\/\" target=\"_blank\">www.spiralefcc.fr<\/a> dans des cadres ou \u00ab&nbsp;frame&nbsp;\u00bb n\u2019appartenant pas au site de de SPIRALE FORMATION CONSEIL COACHING <a rel=\"noreferrer noopener\" href=\"http:\/\/www.spiralefcc.fr\/\" target=\"_blank\">www.spiralefcc.fr<\/a> gr\u00e2ce aux techniques de \u00ab&nbsp;Framing&nbsp;\u00bb ou l\u2019utilisation d\u2019un \u00e9l\u00e9ment dans un site ext\u00e9rieur gr\u00e2ce \u00e0 la technique du \u00ab&nbsp;in line linking&nbsp;\u00bb.<\/p>\n\n\n\n<p><strong>Modification du site<\/strong><\/p>\n\n\n\n<p>L\u2019\u00e9quipe \u00e9ditoriale se r\u00e9serve le droit de modifier ou de corriger le contenu de ce site et cette mention l\u00e9gale \u00e0 tout moment et ceci sans pr\u00e9avis.<\/p>\n\n\n\n<p>Communications des utilisateurs<\/p>\n\n\n\n<p>Il vous est express\u00e9ment interdit d\u2019enregistrer ou de transmettre dans et vers ce site, des communications ill\u00e9gales, mena\u00e7antes, insultantes, diffamatoires, obsc\u00e8nes, pornographiques ou contrevenant \u00e0 des lois nationales, europ\u00e9ennes ou internationales, quel que soit le moyen utilis\u00e9 (courrier \u00e9lectronique ou fichier vid\u00e9o\u2026)<\/p>\n\n\n\n<p><strong>Liens vers d\u2019autres sites Internet<\/strong><\/p>\n\n\n\n<p>Les liens vers d\u2019autres sites Internet pr\u00e9sents sur ce site sont fournis exclusivement pour vous fournir une information la plus compl\u00e8te. Si vous utilisez ces liens, vous quitterez le site de SPIRALE FORMATION CONSEIL COACHING <a rel=\"noreferrer noopener\" href=\"http:\/\/www.spiralefcc.fr\/\" target=\"_blank\">www.spiralefcc.fr<\/a>. <strong>SPIRALE FORMATION CONSEIL COACHING<\/strong> a v\u00e9rifi\u00e9 la page point\u00e9e par le lien actif mais elle ne contr\u00f4le ni n\u2019est responsable de ces sites ou de leur contenu.<\/p>\n\n\n\n<p>Pour cette raison, <strong>SPIRALE FORMATION CONSEIL COACHING<\/strong> d\u00e9cline toute responsabilit\u00e9 concernant ces sites ou les informations y figurant, les logiciels ou autres documents qui s\u2019y trouvent ou concernant les cons\u00e9quences de leur utilisation. Si vous d\u00e9cidez d\u2019acc\u00e9der \u00e0 des sites externes reli\u00e9s \u00e0 notre site, vous le faites sous votre enti\u00e8re responsabilit\u00e9.<\/p>\n\n\n\n<p><strong>Exon\u00e9ration de responsabilit\u00e9<\/strong><\/p>\n\n\n\n<p>Il appartient \u00e0 l\u2019utilisateur de ce site de prendre toutes les mesures appropri\u00e9es de fa\u00e7on \u00e0 prot\u00e9ger ses propres donn\u00e9es et\/ou logiciels de contamination par d\u2019\u00e9ventuels virus circulant sur le r\u00e9seau Internet.<\/p>\n\n\n\n<p><strong>SPIRALE FORMATION CONSEIL COACHING<\/strong> ne pourra \u00eatre tenu responsable des dommages directs ou indirects r\u00e9sultant de l\u2019usage de son site Internet ou d\u2019autres sites qui lui sont li\u00e9s, notamment du fait de non-acc\u00e8s \u00e0 son site, de dysfonctionnements li\u00e9s au r\u00e9seau Internet, \u00e0 l\u2019h\u00e9bergeur du site ou l\u2019h\u00e9bergeur d\u2019une partie du site ou d\u2019interruption de service pour cause de maintenance ou de mise \u00e0 jour. Le site site de SPIRALE FORMATION CONSEIL COACHING <a rel=\"noreferrer noopener\" href=\"http:\/\/www.spiralefcc.fr\/\" target=\"_blank\">www.spiralefcc.fr<\/a> est h\u00e9berg\u00e9 en France.<\/p>\n\n\n\n<p>Ce site Internet est r\u00e9gi par le droit fran\u00e7ais.<\/p>\n","protected":false},"excerpt":{"rendered":"<p>Vous venez d\u2019acc\u00e9der au site Internet de SPIRALE FORMATION CONSEIL COACHING Pr\u00e9sidente&nbsp;: Madame Diane VANTALON-MENDEZ Pour toutes remarques sur le site, vous pouvez : Pour toute r\u00e9clamation ou plainte, veuillez formuler vos demandes exclusivement par voie postale \u00e0 l\u2019adresse ci dessous : SPIRALE FORMATION CONSEIL COACHING 5, rue de la Bourre 19300 DARNETS Protection des donn\u00e9es personnelles Les informations que vous communiquez \u00e0 SPIRALE FORMATION CONSEIL COACHING font l\u2019objet d\u2019un enregistrement informatique destin\u00e9 \u00e0 faciliter nos \u00e9changes. Elles sont destin\u00e9es uniquement aux services en charge de r\u00e9pondre \u00e0 votre demande. Pour plus d\u2019information concernant vos donn\u00e9es personnelles, cliquer sur ce lien. Droits d\u2019auteur \u2013 Copyright L\u2019ensemble de ce site rel\u00e8ve de la l\u00e9gislation fran\u00e7aise et internationale sur le droit d\u2019auteur et la propri\u00e9t\u00e9 intellectuelle. Tous les droits de reproduction sont r\u00e9serv\u00e9s, y compris les documents t\u00e9l\u00e9chargeables et les repr\u00e9sentations iconographiques et photographiques. La reproduction de tout ou partie de ce site sur un support \u00e9lectronique, quel qu\u2019il soit, est formellement interdite, sauf autorisation expresse du directeur de la publication. La reproduction des textes de ce site sur un support papier est possible pour une utilisation personnelle ou \u00e0 titre p\u00e9dagogique sous certaines conditions : \u2022 Gratuit\u00e9 de la diffusion ; \u2022 Respect de l\u2019int\u00e9grit\u00e9 des documents reproduits : pas de modification ni d\u2019alt\u00e9ration d\u2019aucune sorte ; \u2022 Citation claire et visible de la source d\u2019information sous la forme suivante, par exemple : \u00ab&nbsp;Ce document provient du site Internet de SPIRALE FORMATION CONSEIL COACHING www.spiralefcc.fr&nbsp;\u00bb. &nbsp;L\u2019adresse Internet doit imp\u00e9rativement figurer dans la r\u00e9f\u00e9rence. Pour d\u2019autres utilisations, veuillez nous consulter. La reproduction des textes, tableaux, graphiques, photos\u2026 de ce site sur un support-papier ou \u00e9lectronique est interdite : \u2022 Dans un but commercial ou de distribution. \u2022 Par extraction r\u00e9p\u00e9t\u00e9e ou syst\u00e9matique d\u2019\u00e9l\u00e9ment prot\u00e9g\u00e9 ou non du site de SPIRALE FORMATION CONSEIL COACHING www.spiralefcc.fr lui causant un pr\u00e9judice quelconque. \u2022 Par le m\u00e9canisme de liens. Sp\u00e9cialement lors de la pr\u00e9sentation d\u2019une page du site de SPIRALE FORMATION CONSEIL COACHING www.spiralefcc.fr dans des cadres ou \u00ab&nbsp;frame&nbsp;\u00bb n\u2019appartenant pas au site de de SPIRALE FORMATION CONSEIL COACHING www.spiralefcc.fr gr\u00e2ce aux techniques de \u00ab&nbsp;Framing&nbsp;\u00bb ou l\u2019utilisation d\u2019un \u00e9l\u00e9ment dans un site ext\u00e9rieur gr\u00e2ce \u00e0 la technique du \u00ab&nbsp;in line linking&nbsp;\u00bb. Modification du site L\u2019\u00e9quipe \u00e9ditoriale se r\u00e9serve le droit de modifier ou de corriger le contenu de ce site et cette mention l\u00e9gale \u00e0 tout moment et ceci sans pr\u00e9avis. Communications des utilisateurs Il vous est express\u00e9ment interdit d\u2019enregistrer ou de transmettre dans et vers ce site, des communications ill\u00e9gales, mena\u00e7antes, insultantes, diffamatoires, obsc\u00e8nes, pornographiques ou contrevenant \u00e0 des lois nationales, europ\u00e9ennes ou internationales, quel que soit le moyen utilis\u00e9 (courrier \u00e9lectronique ou fichier vid\u00e9o\u2026) Liens vers d\u2019autres sites Internet Les liens vers d\u2019autres sites Internet pr\u00e9sents sur ce site sont fournis exclusivement pour vous fournir une information la plus compl\u00e8te. Si vous utilisez ces liens, vous quitterez le site de SPIRALE FORMATION CONSEIL COACHING www.spiralefcc.fr. SPIRALE FORMATION CONSEIL COACHING a v\u00e9rifi\u00e9 la page point\u00e9e par le lien actif mais elle ne contr\u00f4le ni n\u2019est responsable de ces sites ou de leur contenu. Pour cette raison, SPIRALE FORMATION CONSEIL COACHING d\u00e9cline toute responsabilit\u00e9 concernant ces sites ou les informations y figurant, les logiciels ou autres documents qui s\u2019y trouvent ou concernant les cons\u00e9quences de leur utilisation. Si vous d\u00e9cidez d\u2019acc\u00e9der \u00e0 des sites externes reli\u00e9s \u00e0 notre site, vous le faites sous votre enti\u00e8re responsabilit\u00e9. Exon\u00e9ration de responsabilit\u00e9 Il appartient \u00e0 l\u2019utilisateur de ce site de prendre toutes les mesures appropri\u00e9es de fa\u00e7on \u00e0 prot\u00e9ger ses propres donn\u00e9es et\/ou logiciels de contamination par d\u2019\u00e9ventuels virus circulant sur le r\u00e9seau Internet. SPIRALE FORMATION CONSEIL COACHING ne pourra \u00eatre tenu responsable des dommages directs ou indirects r\u00e9sultant de l\u2019usage de son site Internet ou d\u2019autres sites qui lui sont li\u00e9s, notamment du fait de non-acc\u00e8s \u00e0 son site, de dysfonctionnements li\u00e9s au r\u00e9seau Internet, \u00e0 l\u2019h\u00e9bergeur du site ou l\u2019h\u00e9bergeur d\u2019une partie du site ou d\u2019interruption de service pour cause de maintenance ou de mise \u00e0 jour. Le site site de SPIRALE FORMATION CONSEIL COACHING www.spiralefcc.fr est h\u00e9berg\u00e9 en France. Ce site Internet est r\u00e9gi par le droit fran\u00e7ais.<\/p>\n","protected":false},"author":1,"featured_media":90,"parent":0,"menu_order":0,"comment_status":"closed","ping_status":"closed","template":"","meta":{"footnotes":""},"class_list":["post-71","page","type-page","status-publish","has-post-thumbnail","hentry"],"_links":{"self":[{"href":"https:\/\/spiralefcc.fr\/index.php?rest_route=\/wp\/v2\/pages\/71","targetHints":{"allow":["GET"]}}],"collection":[{"href":"https:\/\/spiralefcc.fr\/index.php?rest_route=\/wp\/v2\/pages"}],"about":[{"href":"https:\/\/spiralefcc.fr\/index.php?rest_route=\/wp\/v2\/types\/page"}],"author":[{"embeddable":true,"href":"https:\/\/spiralefcc.fr\/index.php?rest_route=\/wp\/v2\/users\/1"}],"replies":[{"embeddable":true,"href":"https:\/\/spiralefcc.fr\/index.php?rest_route=%2Fwp%2Fv2%2Fcomments&post=71"}],"version-history":[{"count":5,"href":"https:\/\/spiralefcc.fr\/index.php?rest_route=\/wp\/v2\/pages\/71\/revisions"}],"predecessor-version":[{"id":1212,"href":"https:\/\/spiralefcc.fr\/index.php?rest_route=\/wp\/v2\/pages\/71\/revisions\/1212"}],"wp:featuredmedia":[{"embeddable":true,"href":"https:\/\/spiralefcc.fr\/index.php?rest_route=\/wp\/v2\/media\/90"}],"wp:attachment":[{"href":"https:\/\/spiralefcc.fr\/index.php?rest_route=%2Fwp%2Fv2%2Fmedia&parent=71"}],"curies":[{"name":"wp","href":"https:\/\/api.w.org\/{rel}","templated":true}]}}