{"id":77,"date":"2022-06-25T16:08:35","date_gmt":"2022-06-25T14:08:35","guid":{"rendered":"http:\/\/spiralefcc.fr\/?page_id=77"},"modified":"2025-03-22T18:17:16","modified_gmt":"2025-03-22T17:17:16","slug":"informations-complementaires","status":"publish","type":"page","link":"https:\/\/spiralefcc.fr\/?page_id=77","title":{"rendered":"INFORMATIONS COMPL\u00c9MENTAIRES"},"content":{"rendered":"\n<p><a href=\"https:\/\/spiralefcc.fr\/?page_id=51\">MODALIT\u00c9S D\u2019INSCRIPTION<\/a><\/p>\n\n\n\n<p><a href=\"https:\/\/spiralefcc.fr\/?page_id=61\" data-type=\"page\" data-id=\"61\">R\u00c8GLEMENT INT\u00c9RIEUR<\/a><\/p>\n\n\n\n<p><a href=\"https:\/\/spiralefcc.fr\/?page_id=49\" data-type=\"page\" data-id=\"49\">CONDITIONS G\u00c9N\u00c9RALES DE VENTE<\/a><\/p>\n\n\n\n<p><a href=\"http:\/\/PROC\u00c9DURE DE R\u00c9CLAMATION\">PROC\u00c9DURE DE R\u00c9CLAMATION<\/a><\/p>\n","protected":false},"excerpt":{"rendered":"<p>MODALIT\u00c9S D\u2019INSCRIPTION R\u00c8GLEMENT INT\u00c9RIEUR CONDITIONS G\u00c9N\u00c9RALES DE VENTE PROC\u00c9DURE DE R\u00c9CLAMATION<\/p>\n","protected":false},"author":1,"featured_media":80,"parent":0,"menu_order":0,"comment_status":"closed","ping_status":"closed","template":"","meta":{"footnotes":""},"class_list":["post-77","page","type-page","status-publish","has-post-thumbnail","hentry"],"_links":{"self":[{"href":"https:\/\/spiralefcc.fr\/index.php?rest_route=\/wp\/v2\/pages\/77","targetHints":{"allow":["GET"]}}],"collection":[{"href":"https:\/\/spiralefcc.fr\/index.php?rest_route=\/wp\/v2\/pages"}],"about":[{"href":"https:\/\/spiralefcc.fr\/index.php?rest_route=\/wp\/v2\/types\/page"}],"author":[{"embeddable":true,"href":"https:\/\/spiralefcc.fr\/index.php?rest_route=\/wp\/v2\/users\/1"}],"replies":[{"embeddable":true,"href":"https:\/\/spiralefcc.fr\/index.php?rest_route=%2Fwp%2Fv2%2Fcomments&post=77"}],"version-history":[{"count":4,"href":"https:\/\/spiralefcc.fr\/index.php?rest_route=\/wp\/v2\/pages\/77\/revisions"}],"predecessor-version":[{"id":1080,"href":"https:\/\/spiralefcc.fr\/index.php?rest_route=\/wp\/v2\/pages\/77\/revisions\/1080"}],"wp:featuredmedia":[{"embeddable":true,"href":"https:\/\/spiralefcc.fr\/index.php?rest_route=\/wp\/v2\/media\/80"}],"wp:attachment":[{"href":"https:\/\/spiralefcc.fr\/index.php?rest_route=%2Fwp%2Fv2%2Fmedia&parent=77"}],"curies":[{"name":"wp","href":"https:\/\/api.w.org\/{rel}","templated":true}]}}