{"id":855,"date":"2024-02-03T11:46:27","date_gmt":"2024-02-03T10:46:27","guid":{"rendered":"http:\/\/spiralefcc.fr\/?page_id=855"},"modified":"2025-03-22T18:12:42","modified_gmt":"2025-03-22T17:12:42","slug":"le-coaching","status":"publish","type":"page","link":"https:\/\/spiralefcc.fr\/?page_id=855","title":{"rendered":"LE COACHING"},"content":{"rendered":"\n<p><\/p>\n\n\n\n<p><strong>L\u2019intervention d\u2019un Coach permet d\u2019accompagner l\u2019\u00e9volution d\u2019une personne, d\u2019une \u00e9quipe ou d\u2019une organisation, en s\u2019appuyant sur la communication et des valeurs relationnelles.<\/strong><\/p>\n\n\n\n<p><strong>Chaque coach adh\u00e8re \u00e0 de solides bases \u00e9thiques et d\u00e9ontologiques.<\/strong> Gr\u00e2ce \u00e0 cela, le travail r\u00e9alis\u00e9 entre le coach et le coach\u00e9 s\u2019appuie sur une relation de confiance, indispensable \u00e0 l\u2019atteinte des objectifs fix\u00e9s.<\/p>\n\n\n\n<p>L\u2019accompagnement id\u00e9al sera d\u00e9termin\u00e9 lors d\u2019un premier entretien au cours duquel, les principaux buts \u00e0 atteindre seront \u00e9voqu\u00e9s.<\/p>\n\n\n\n<p>Selon les situations, les entretiens suivants se feront de mani\u00e8re individuelle (pour une personne) ou collective (pour une \u00e9quipe ou une organisation).<\/p>\n\n\n\n<p>Dans les deux cas, le r\u00f4le du coach sera celui d\u2019un \u00ab&nbsp;facilitateur&nbsp;\u00bb&nbsp;: il aidera le coach\u00e9 (ou le groupe de coach\u00e9s) \u00e0 prendre conscience de ses possibilit\u00e9s. Et dans les deux cas, la confidentialit\u00e9 des \u00e9changes est garantie par le coach.<\/p>\n\n\n\n<p>A la diff\u00e9rence d\u2019un th\u00e9rapeute, ce n\u2019est pas le coach qui sugg\u00e8re les solutions&nbsp;: il est un partenaire objectif et permet \u00e0 la personne coach\u00e9e d\u2019atteindre ses objectifs plus efficacement, plus rapidement mais aussi plus sereinement.<\/p>\n\n\n\n<p>Voici quelques-unes des m\u00e9thodes employ\u00e9es couramment par les coachs afin d\u2019accompagner leurs coach\u00e9s&nbsp;:<\/p>\n\n\n\n<ul class=\"wp-block-list\">\n<li>Une \u00e9coute active et la reformulation&nbsp;;<\/li>\n\n\n\n<li>Un questionnement cibl\u00e9 et pertinent&nbsp;;<\/li>\n\n\n\n<li>Un feedback positif&nbsp;;<\/li>\n\n\n\n<li>Une aide \u00e0 la prise de conscience (de ses possibilit\u00e9s)&nbsp;;<\/li>\n\n\n\n<li>La recherche de solutions (et non pas la recherche des \u00ab&nbsp;probl\u00e8mes&nbsp;\u00bb)&nbsp;;<\/li>\n\n\n\n<li>L\u2019invitation \u00e0 passer \u00e0 l\u2019action.<\/li>\n<\/ul>\n\n\n\n<p>Les probl\u00e9matiques et les objectifs sont nombreux. Ensemble, lors du premier entretien, nous d\u00e9finirons vos besoins afin de vous accompagner de la meilleure fa\u00e7on possible.<\/p>\n\n\n\n<p><strong>TARIF DU COACHING<\/strong> : sur devis, suite au premier entretien.<\/p>\n\n\n\n<p><strong>ZONE D&#8217;INTERVENTION : <\/strong>Corr\u00e8ze et Hautes-Alpes<\/p>\n\n\n\n<hr class=\"wp-block-separator has-alpha-channel-opacity\"\/>\n\n\n\n<p><\/p>\n\n\n\n<p><strong><a href=\"http:\/\/spiralefcc.fr\/?page_id=103\" data-type=\"URL\" data-id=\"http:\/\/spiralefcc.fr\/?page_id=103\" target=\"_blank\" rel=\"noreferrer noopener\">Contactez-nous<\/a> pour un premier rendez-vous gratuit.<\/strong><\/p>\n\n\n\n<p><\/p>\n","protected":false},"excerpt":{"rendered":"<p>L\u2019intervention d\u2019un Coach permet d\u2019accompagner l\u2019\u00e9volution d\u2019une personne, d\u2019une \u00e9quipe ou d\u2019une organisation, en s\u2019appuyant sur la communication et des valeurs relationnelles. Chaque coach adh\u00e8re \u00e0 de solides bases \u00e9thiques et d\u00e9ontologiques. Gr\u00e2ce \u00e0 cela, le travail r\u00e9alis\u00e9 entre le coach et le coach\u00e9 s\u2019appuie sur une relation de confiance, indispensable \u00e0 l\u2019atteinte des objectifs fix\u00e9s. L\u2019accompagnement id\u00e9al sera d\u00e9termin\u00e9 lors d\u2019un premier entretien au cours duquel, les principaux buts \u00e0 atteindre seront \u00e9voqu\u00e9s. Selon les situations, les entretiens suivants se feront de mani\u00e8re individuelle (pour une personne) ou collective (pour une \u00e9quipe ou une organisation). Dans les deux cas, le r\u00f4le du coach sera celui d\u2019un \u00ab&nbsp;facilitateur&nbsp;\u00bb&nbsp;: il aidera le coach\u00e9 (ou le groupe de coach\u00e9s) \u00e0 prendre conscience de ses possibilit\u00e9s. Et dans les deux cas, la confidentialit\u00e9 des \u00e9changes est garantie par le coach. A la diff\u00e9rence d\u2019un th\u00e9rapeute, ce n\u2019est pas le coach qui sugg\u00e8re les solutions&nbsp;: il est un partenaire objectif et permet \u00e0 la personne coach\u00e9e d\u2019atteindre ses objectifs plus efficacement, plus rapidement mais aussi plus sereinement. Voici quelques-unes des m\u00e9thodes employ\u00e9es couramment par les coachs afin d\u2019accompagner leurs coach\u00e9s&nbsp;: Les probl\u00e9matiques et les objectifs sont nombreux. Ensemble, lors du premier entretien, nous d\u00e9finirons vos besoins afin de vous accompagner de la meilleure fa\u00e7on possible. TARIF DU COACHING : sur devis, suite au premier entretien. ZONE D&#8217;INTERVENTION : Corr\u00e8ze et Hautes-Alpes Contactez-nous pour un premier rendez-vous gratuit.<\/p>\n","protected":false},"author":1,"featured_media":856,"parent":0,"menu_order":0,"comment_status":"closed","ping_status":"closed","template":"","meta":{"footnotes":""},"class_list":["post-855","page","type-page","status-publish","has-post-thumbnail","hentry"],"_links":{"self":[{"href":"https:\/\/spiralefcc.fr\/index.php?rest_route=\/wp\/v2\/pages\/855","targetHints":{"allow":["GET"]}}],"collection":[{"href":"https:\/\/spiralefcc.fr\/index.php?rest_route=\/wp\/v2\/pages"}],"about":[{"href":"https:\/\/spiralefcc.fr\/index.php?rest_route=\/wp\/v2\/types\/page"}],"author":[{"embeddable":true,"href":"https:\/\/spiralefcc.fr\/index.php?rest_route=\/wp\/v2\/users\/1"}],"replies":[{"embeddable":true,"href":"https:\/\/spiralefcc.fr\/index.php?rest_route=%2Fwp%2Fv2%2Fcomments&post=855"}],"version-history":[{"count":4,"href":"https:\/\/spiralefcc.fr\/index.php?rest_route=\/wp\/v2\/pages\/855\/revisions"}],"predecessor-version":[{"id":1077,"href":"https:\/\/spiralefcc.fr\/index.php?rest_route=\/wp\/v2\/pages\/855\/revisions\/1077"}],"wp:featuredmedia":[{"embeddable":true,"href":"https:\/\/spiralefcc.fr\/index.php?rest_route=\/wp\/v2\/media\/856"}],"wp:attachment":[{"href":"https:\/\/spiralefcc.fr\/index.php?rest_route=%2Fwp%2Fv2%2Fmedia&parent=855"}],"curies":[{"name":"wp","href":"https:\/\/api.w.org\/{rel}","templated":true}]}}