{"id":86,"date":"2022-06-25T16:21:16","date_gmt":"2022-06-25T14:21:16","guid":{"rendered":"http:\/\/spiralefcc.fr\/?page_id=86"},"modified":"2025-03-22T18:20:56","modified_gmt":"2025-03-22T17:20:56","slug":"mentions-legales-particulieres-concernant-les-donnees-personnelles","status":"publish","type":"page","link":"https:\/\/spiralefcc.fr\/?page_id=86","title":{"rendered":"MENTIONS L\u00c9GALES PARTICULI\u00c8RES CONCERNANT LES DONN\u00c9ES PERSONNELLES"},"content":{"rendered":"\n<h4 class=\"wp-block-heading\">FINALIT\u00c9 DU TRAITEMENT<\/h4>\n\n\n\n<p>La finalit\u00e9 de ce traitement est de permettre la gestion (logistique, administrative et financi\u00e8re) de SPIRALE FORMATION CONSEIL COACHING, organisme de formation professionnelle continue.<\/p>\n\n\n\n<h4 class=\"wp-block-heading\">LES CAT\u00c9GORIES DE PERSONNES CONCERN\u00c9ES<\/h4>\n\n\n\n<p>Entreprises clientes, responsables de formation au sein des entreprises, stagiaires et formateurs<\/p>\n\n\n\n<h4 class=\"wp-block-heading\">LES CAT\u00c9GORIES DE DONN\u00c9ES PERSONNELLES COLLECT\u00c9ES<\/h4>\n\n\n\n<p>Nom, pr\u00e9nom, adresse de courrier \u00e9lectronique, coordonn\u00e9es postales, t\u00e9l\u00e9phone, SIRET, code APE.<\/p>\n\n\n\n<h4 class=\"wp-block-heading\">BASE JURIDIQUE DU TRAITEMENT<\/h4>\n\n\n\n<p>Les donn\u00e9es personnelles ne sont recueillies que sur la base de votre consentement. Vous pouvez le retirer \u00e0 tout moment.<\/p>\n\n\n\n<p>Le retrait du consentement bloque la possibilit\u00e9 de b\u00e9n\u00e9ficier de ces formations professionnelles continues.<\/p>\n\n\n\n<h4 class=\"wp-block-heading\">RESPONSABLE DE TRAITEMENT<\/h4>\n\n\n\n<p>SPIRALE FORMATION CONSEIL COACHING<\/p>\n\n\n\n<p>Madame VANTALON-MENDEZ Diane<\/p>\n\n\n\n<p>Pr\u00e9sidente de SPIRALE FORMATION CONSEIL COACHING<\/p>\n\n\n\n<p>5, rue de la Bourre<\/p>\n\n\n\n<p>19300 DARNETS <\/p>\n\n\n\n<p>ou par mail \u00e0 l\u2019adresse : contact[at]spiralefcc.fr<\/p>\n\n\n\n<h4 class=\"wp-block-heading\">DESTINATAIRES DES DONN\u00c9ES PERSONNELLES<\/h4>\n\n\n\n<p>Les destinataires de vos donn\u00e9es personnelles collect\u00e9es sont les services de SPIRALE FORMATION CONSEIL COACHING,<\/p>\n\n\n\n<p>SPIRALE FORMATION CONSEIL COACHING s\u2019engage \u00e0 ne transmettre \u00e0 aucun tiers vos donn\u00e9es personnelles.<\/p>\n\n\n\n<p>En aucun cas, SPIRALE FORMATION CONSEIL COACHING ne commercialise, ne transf\u00e8re ou n\u2019\u00e9change \u00e0 des tiers \u00e0 des fins commerciales, vos donn\u00e9es personnelles.<\/p>\n\n\n\n<h4 class=\"wp-block-heading\">DUR\u00c9E DE CONSERVATION DES DONN\u00c9ES PERSONNELLES<\/h4>\n\n\n\n<p>La dur\u00e9e de conservation de vos donn\u00e9es personnelles est de 3 ans.<\/p>\n\n\n\n<p>A l\u2019issue de la dur\u00e9e de conservation strictement n\u00e9cessaire \u00e0 la finalit\u00e9 susmentionn\u00e9e ou en cas d\u2019exercice de vos droits, SPIRALE FORMATION CONSEIL COACHING s\u2019engage \u00e0 d\u00e9truire toutes vos donn\u00e9es personnelles<\/p>\n\n\n\n<h4 class=\"wp-block-heading\">COMMENT EXERCER VOS DROITS ?<\/h4>\n\n\n\n<p>Vous avez la possibilit\u00e9 d\u2019exercer vos droits et retirer votre consentement. Pour exercer l\u2019un de ces droits, vous devez adresser votre demande au d\u00e9l\u00e9gu\u00e9 \u00e0 la protection des donn\u00e9es.<\/p>\n\n\n\n<p>Pour plus d\u2019informations sur l\u2019exercice de vos droits, vous pouvez consulter sur Internet la page : <a rel=\"noreferrer noopener\" href=\"http:\/\/spiralefcc.fr\/?page_id=99\" data-type=\"URL\" data-id=\"http:\/\/spiralefcc.fr\/?page_id=99\" target=\"_blank\"> MENTIONS G\u00c9N\u00c9RALES SUR LA PROTECTION DES DONN\u00c9ES<\/a><\/p>\n","protected":false},"excerpt":{"rendered":"<p>FINALIT\u00c9 DU TRAITEMENT La finalit\u00e9 de ce traitement est de permettre la gestion (logistique, administrative et financi\u00e8re) de SPIRALE FORMATION CONSEIL COACHING, organisme de formation professionnelle continue. LES CAT\u00c9GORIES DE PERSONNES CONCERN\u00c9ES Entreprises clientes, responsables de formation au sein des entreprises, stagiaires et formateurs LES CAT\u00c9GORIES DE DONN\u00c9ES PERSONNELLES COLLECT\u00c9ES Nom, pr\u00e9nom, adresse de courrier \u00e9lectronique, coordonn\u00e9es postales, t\u00e9l\u00e9phone, SIRET, code APE. BASE JURIDIQUE DU TRAITEMENT Les donn\u00e9es personnelles ne sont recueillies que sur la base de votre consentement. Vous pouvez le retirer \u00e0 tout moment. Le retrait du consentement bloque la possibilit\u00e9 de b\u00e9n\u00e9ficier de ces formations professionnelles continues. RESPONSABLE DE TRAITEMENT SPIRALE FORMATION CONSEIL COACHING Madame VANTALON-MENDEZ Diane Pr\u00e9sidente de SPIRALE FORMATION CONSEIL COACHING 5, rue de la Bourre 19300 DARNETS ou par mail \u00e0 l\u2019adresse : contact[at]spiralefcc.fr DESTINATAIRES DES DONN\u00c9ES PERSONNELLES Les destinataires de vos donn\u00e9es personnelles collect\u00e9es sont les services de SPIRALE FORMATION CONSEIL COACHING, SPIRALE FORMATION CONSEIL COACHING s\u2019engage \u00e0 ne transmettre \u00e0 aucun tiers vos donn\u00e9es personnelles. En aucun cas, SPIRALE FORMATION CONSEIL COACHING ne commercialise, ne transf\u00e8re ou n\u2019\u00e9change \u00e0 des tiers \u00e0 des fins commerciales, vos donn\u00e9es personnelles. DUR\u00c9E DE CONSERVATION DES DONN\u00c9ES PERSONNELLES La dur\u00e9e de conservation de vos donn\u00e9es personnelles est de 3 ans. A l\u2019issue de la dur\u00e9e de conservation strictement n\u00e9cessaire \u00e0 la finalit\u00e9 susmentionn\u00e9e ou en cas d\u2019exercice de vos droits, SPIRALE FORMATION CONSEIL COACHING s\u2019engage \u00e0 d\u00e9truire toutes vos donn\u00e9es personnelles COMMENT EXERCER VOS DROITS ? Vous avez la possibilit\u00e9 d\u2019exercer vos droits et retirer votre consentement. Pour exercer l\u2019un de ces droits, vous devez adresser votre demande au d\u00e9l\u00e9gu\u00e9 \u00e0 la protection des donn\u00e9es. Pour plus d\u2019informations sur l\u2019exercice de vos droits, vous pouvez consulter sur Internet la page : MENTIONS G\u00c9N\u00c9RALES SUR LA PROTECTION DES DONN\u00c9ES<\/p>\n","protected":false},"author":1,"featured_media":88,"parent":0,"menu_order":0,"comment_status":"closed","ping_status":"closed","template":"","meta":{"footnotes":""},"class_list":["post-86","page","type-page","status-publish","has-post-thumbnail","hentry"],"_links":{"self":[{"href":"https:\/\/spiralefcc.fr\/index.php?rest_route=\/wp\/v2\/pages\/86","targetHints":{"allow":["GET"]}}],"collection":[{"href":"https:\/\/spiralefcc.fr\/index.php?rest_route=\/wp\/v2\/pages"}],"about":[{"href":"https:\/\/spiralefcc.fr\/index.php?rest_route=\/wp\/v2\/types\/page"}],"author":[{"embeddable":true,"href":"https:\/\/spiralefcc.fr\/index.php?rest_route=\/wp\/v2\/users\/1"}],"replies":[{"embeddable":true,"href":"https:\/\/spiralefcc.fr\/index.php?rest_route=%2Fwp%2Fv2%2Fcomments&post=86"}],"version-history":[{"count":3,"href":"https:\/\/spiralefcc.fr\/index.php?rest_route=\/wp\/v2\/pages\/86\/revisions"}],"predecessor-version":[{"id":1084,"href":"https:\/\/spiralefcc.fr\/index.php?rest_route=\/wp\/v2\/pages\/86\/revisions\/1084"}],"wp:featuredmedia":[{"embeddable":true,"href":"https:\/\/spiralefcc.fr\/index.php?rest_route=\/wp\/v2\/media\/88"}],"wp:attachment":[{"href":"https:\/\/spiralefcc.fr\/index.php?rest_route=%2Fwp%2Fv2%2Fmedia&parent=86"}],"curies":[{"name":"wp","href":"https:\/\/api.w.org\/{rel}","templated":true}]}}