{"id":99,"date":"2022-06-25T16:36:13","date_gmt":"2022-06-25T14:36:13","guid":{"rendered":"http:\/\/spiralefcc.fr\/?page_id=99"},"modified":"2025-03-22T18:19:51","modified_gmt":"2025-03-22T17:19:51","slug":"mentions-generales-sur-la-protection-des-donnees","status":"publish","type":"page","link":"https:\/\/spiralefcc.fr\/?page_id=99","title":{"rendered":"MENTIONS G\u00c9N\u00c9RALES SUR LA PROTECTION DES DONN\u00c9ES"},"content":{"rendered":"\n<p><strong>Dans le cadre de l\u2019exercice de ses comp\u00e9tences, <\/strong><strong>SPIRALE FORMATION CONSEIL COACHING <\/strong><strong>est amen\u00e9 \u00e0 traiter vos donn\u00e9es personnelles strictement n\u00e9cessaires \u00e0 la gestion (logistique, administrative et financi\u00e8re) de l\u2019organisme<\/strong><\/p>\n\n\n\n<p>Les \u00ab donn\u00e9es \u00e0 caract\u00e8re personnel \u00bb (\u00ab donn\u00e9es personnelles \u00bb) sont les informations qui permettent de vous identifier directement ou indirectement.&nbsp;<\/p>\n\n\n\n<p>La confidentialit\u00e9 des donn\u00e9es personnelles est extr\u00eamement importante pour SPIRALE FORMATION CONSEIL COACHING qui veut \u00eatre transparente sur la fa\u00e7on dont sont utilis\u00e9es vos donn\u00e9es personnelles.&nbsp;<\/p>\n\n\n\n<p>Les pr\u00e9sentes mentions l\u00e9gales d\u00e9taillent les conditions dans lesquelles SPIRALE FORMATION CONSEIL COACHING s\u2019engage \u00e0 respecter vos droits en mati\u00e8re de donn\u00e9es personnelles conform\u00e9ment \u00e0 la r\u00e9glementation applicable en mati\u00e8re de donn\u00e9es \u00e0 caract\u00e8re personnel, \u00e0 savoir notamment :<\/p>\n\n\n\n<ul class=\"wp-block-list\">\n<li>Le r\u00e8glement UE 2016\/679 du 27 avril 2016 (RGPD) relatif \u00e0 la protection des personnes physiques \u00e0 l\u2019\u00e9gard du traitement des donn\u00e9es \u00e0 caract\u00e8re personnel et \u00e0 la libre circulation de ces donn\u00e9es, et abrogeant la directive 95\/46\/CE (r\u00e8glement g\u00e9n\u00e9ral sur la protection des donn\u00e9es),<\/li>\n\n\n\n<li>La loi n\u00b0 78-17 du 6 janvier 1978 modifi\u00e9e relative \u00e0 l\u2019informatique, aux fichiers et aux libert\u00e9s et le d\u00e9cret n\u00b0 2019-536 du 29 mai 2019 pris pour l\u2019application de loi n\u00b0 78-17 pr\u00e9cit\u00e9e.<\/li>\n<\/ul>\n\n\n\n<p><strong>Identit\u00e9 du responsable de traitement<\/strong><\/p>\n\n\n\n<p>Le responsable de traitement est SPIRALE FORMATION CONSEIL COACHING, en tant que personne morale, repr\u00e9sent\u00e9e par\u00a0<br>Madame VANTALON-MENDEZ Diane<br>Pr\u00e9sidente de la SASU SPIRALE FORMATION CONSEIL COACHING<br>5, rue de la Bourre 19300 DARNETS<\/p>\n\n\n\n<p><strong>Les sous-traitants<\/strong><\/p>\n\n\n\n<p>SPIRALE FORMATION CONSEIL COACHING peut avoir recours \u00e0 des sous-traitants.<\/p>\n\n\n\n<p>SPIRALE FORMATION CONSEIL COACHING vous garantit qu\u2019elle v\u00e9rifie et exige que ses sous-traitants pr\u00e9sentent des garanties suffisantes en mati\u00e8re de protection des donn\u00e9es personnelles.<\/p>\n\n\n\n<p><strong>Finalit\u00e9 de traitement<\/strong><\/p>\n\n\n\n<p>A chaque collecte de vos donn\u00e9es personnelles, nous vous indiquerons la finalit\u00e9 du traitement concern\u00e9. SPIRALE FORMATION CONSEIL COACHING s\u2019engage \u00e0 ne collecter que les donn\u00e9es personnelles strictement n\u00e9cessaires \u00e0 la finalit\u00e9 du traitement.&nbsp;&nbsp;<\/p>\n\n\n\n<p><strong>Base juridique du traitement et caract\u00e8re obligatoire ou facultatif de la collecte<\/strong><\/p>\n\n\n\n<p>Pour chaque traitement sp\u00e9cifique des donn\u00e9es personnelles que nous collectons aupr\u00e8s de vous, nous vous indiquerons la base juridique de ce traitement (consentement, ex\u00e9cution contractuelle, obligation l\u00e9gale).<\/p>\n\n\n\n<p>Il sera aussi pr\u00e9cis\u00e9 si le recueil de vos donn\u00e9es personnelles est obligatoire ou facultatif ainsi que les cons\u00e9quences \u00e9ventuelles si vous choisissez de ne pas les communiquer.<\/p>\n\n\n\n<p>Si le traitement repose sur votre consentement, vous pouvez \u00e0 tout moment retirer votre consentement.<\/p>\n\n\n\n<p><strong>Destinataires de vos donn\u00e9es personnelles.<\/strong><\/p>\n\n\n\n<p>Pour chaque traitement sp\u00e9cifique des donn\u00e9es personnelles que SPIRALE FORMATION CONSEIL COACHING collecte aupr\u00e8s de vous, SPIRALE FORMATION CONSEIL COACHING vous indiquera les destinataires de ces donn\u00e9es. Ces destinataires pourront \u00eatre les services de SPIRALE FORMATION CONSEIL COACHING , ses sous-traitants et les financeurs (OPCO, P\u00f4le Emploi, \u2026).<\/p>\n\n\n\n<p>Les sous-traitants de SPIRALE FORMATION CONSEIL COACHING auront un acc\u00e8s limit\u00e9 aux seules donn\u00e9es personnelles strictement n\u00e9cessaires \u00e0 l\u2019ex\u00e9cution des prestations concern\u00e9es, et ont une obligation contractuelle de les utiliser en conformit\u00e9 avec la r\u00e9glementation en vigueur en mati\u00e8re de donn\u00e9es personnelles.&nbsp;<\/p>\n\n\n\n<p>SPIRALE FORMATION CONSEIL COACHING s\u2019engage \u00e0 ne transmettre \u00e0 aucun tiers vos donn\u00e9es personnelles, autres que de ses sous-traitants et les financeurs (OPCO, P\u00f4le Emploi, \u2026). En aucun cas, SPIRALE FORMATION CONSEIL COACHING ne commercialise, ne transf\u00e8re ou n\u2019\u00e9change \u00e0 des tiers \u00e0 des fins commerciales, vos donn\u00e9es personnelles.<\/p>\n\n\n\n<p><strong>Dur\u00e9e de conservation des donn\u00e9es personnelles&nbsp;<\/strong><\/p>\n\n\n\n<p>La dur\u00e9e de conservation de vos donn\u00e9es personnelles est strictement li\u00e9e \u00e0 la base juridique du traitement (contractuelle, l\u00e9gale et r\u00e9glementaire ou autre), \u00e0 la nature de la donn\u00e9e personnelle concern\u00e9e et \u00e0 la finalit\u00e9 du traitement.<\/p>\n\n\n\n<p>A chaque traitement sp\u00e9cifique, SPIRALE FORMATION CONSEIL COACHING vous indiquera la dur\u00e9e de conservation.<\/p>\n\n\n\n<p>A l\u2019issue de la dur\u00e9e de conservation strictement n\u00e9cessaire \u00e0 la finalit\u00e9 susmentionn\u00e9e ou en cas d\u2019exercice de vos droits, SPIRALE FORMATION CONSEIL COACHING s\u2019engage \u00e0 d\u00e9truire toutes vos donn\u00e9es personnelles dans la limite et les conditions pr\u00e9vues en mati\u00e8re de respect de ses obligations l\u00e9gales (voir ci-dessous \u00ab Vos droits \u00bb).<\/p>\n\n\n\n<p><strong>S\u00e9curit\u00e9 des donn\u00e9es personnelles<\/strong><\/p>\n\n\n\n<p>Dans le cadre de la mise en \u0153uvre de ses politiques publiques, SPIRALE FORMATION CONSEIL COACHING accorde la plus haute importance \u00e0 la s\u00e9curit\u00e9 de vos donn\u00e9es personnelles. SPIRALE FORMATION CONSEIL COACHING s\u2019engage \u00e0 prendre toutes les pr\u00e9cautions utiles et met en \u0153uvre des mesures de s\u00e9curit\u00e9 techniques et organisationnelles appropri\u00e9es pour garantir de fa\u00e7on permanente un niveau de protection adapt\u00e9 aux risques d\u2019atteinte \u00e0 votre vie priv\u00e9e et \u00e0 vos donn\u00e9es personnelles contre les alt\u00e9rations, destructions, violations et acc\u00e8s non autoris\u00e9s.<\/p>\n\n\n\n<p>Les donn\u00e9es \u00e0 caract\u00e8re personnel sont stock\u00e9es sur des serveurs d\u2019h\u00e9bergement situ\u00e9s dans l\u2019Union europ\u00e9enne ou dans des pays tiers dont le niveau de s\u00e9curit\u00e9 en mati\u00e8re de protection des donn\u00e9es \u00e0 caract\u00e8re personnel est en ad\u00e9quation avec celui propos\u00e9 dans l\u2019Union europ\u00e9enne et l\u2019Espace \u00e9conomique europ\u00e9en.<\/p>\n\n\n\n<p>Conform\u00e9ment \u00e0 la r\u00e9glementation en vigueur, SPIRALE FORMATION CONSEIL COACHING tient un registre des activit\u00e9s de traitement des donn\u00e9es \u00e0 caract\u00e8re personnel.<\/p>\n\n\n\n<p><strong>Vos droits<br>&nbsp;<\/strong><\/p>\n\n\n\n<p><strong>Droit d\u2019acc\u00e8s :<\/strong><\/p>\n\n\n\n<p>Vous avez le droit de demander des informations sur les donn\u00e9es personnelles que nous d\u00e9tenons vous concernant.<\/p>\n\n\n\n<p><strong>Droit \u00e0 la portabilit\u00e9 des donn\u00e9es personnelles :<\/strong><\/p>\n\n\n\n<p>Le droit de portabilit\u00e9 s\u2019applique aux donn\u00e9es trait\u00e9es de mani\u00e8re automatis\u00e9e et collect\u00e9es sur la base de votre consentement pr\u00e9alable ou de l\u2019ex\u00e9cution d\u2019un contrat.&nbsp;<\/p>\n\n\n\n<p>Ce droit de portabilit\u00e9 vous donne droit :<\/p>\n\n\n\n<ul class=\"wp-block-list\">\n<li>De r\u00e9cup\u00e9rer les donn\u00e9es personnelles que vous avez fournies, dans un format structur\u00e9, couramment utilis\u00e9 et lisible par machine\u00a0\u00a0<\/li>\n\n\n\n<li>D\u2019obtenir que vos donn\u00e9es personnelles soient transmises directement \u00e0 un autre organisme. \u00c0 noter que ce droit au transfert ne s\u2019applique pas au traitement n\u00e9cessaire \u00e0 l\u2019ex\u00e9cution d\u2019une mission d\u2019int\u00e9r\u00eat public ou relevant de l\u2019exercice de l\u2019autorit\u00e9 publique dont est investi le responsable du traitement.\u00a0<\/li>\n<\/ul>\n\n\n\n<p><strong>Droit de rectification :<\/strong><\/p>\n\n\n\n<p>Vous avez le droit de demander la rectification de vos donn\u00e9es personnelles si elles sont inexactes, y compris pour compl\u00e9ter vos donn\u00e9es personnelles incompl\u00e8tes.<\/p>\n\n\n\n<p><strong>Droit \u00e0 l\u2019effacement\/droit \u00e0 l\u2019oubli :<\/strong><\/p>\n\n\n\n<p>Vous avez le droit de demander, \u00e0 tout moment, l\u2019effacement de toutes vos donn\u00e9es personnelles trait\u00e9es par SPIRALE FORMATION CONSEIL COACHING dans les cas suivants :&nbsp;<\/p>\n\n\n\n<ul class=\"wp-block-list\">\n<li>Vos donn\u00e9es personnelles ne sont plus n\u00e9cessaires au regard des finalit\u00e9s pour lesquelles elles ont \u00e9t\u00e9 collect\u00e9es ;<\/li>\n\n\n\n<li>Vous d\u00e9cidez de retirer votre consentement sur lequel est fond\u00e9 le traitement et il n\u2019existe pas d\u2019autre fondement juridique au traitement ;\u00a0<\/li>\n\n\n\n<li>Vous vous opposez au traitement et il n\u2019existe pas de motif l\u00e9gitime imp\u00e9rieux pour le traitement ;\u00a0<\/li>\n\n\n\n<li>Vos donn\u00e9es personnelles ont fait l\u2019objet d\u2019un traitement illicite ;\u00a0<\/li>\n\n\n\n<li>Une obligation l\u00e9gale impose l\u2019effacement de vos donn\u00e9es personnelles.<\/li>\n<\/ul>\n\n\n\n<p>Toutefois, ces obligations ne s\u2019appliquent pas dans la mesure o\u00f9 ce traitement de donn\u00e9es est n\u00e9cessaire :&nbsp;<\/p>\n\n\n\n<ul class=\"wp-block-list\">\n<li>A l\u2019exercice du droit \u00e0 la libert\u00e9 d\u2019expression et d\u2019information ;\u00a0<\/li>\n\n\n\n<li>Pour respecter une obligation l\u00e9gale \u00e0 laquelle, le responsable du traitement est soumis ;\u00a0<\/li>\n\n\n\n<li>Pour ex\u00e9cuter une mission d\u2019int\u00e9r\u00eat public ou relevant de l\u2019exercice de l\u2019autorit\u00e9 publique dont est investi le responsable du traitement ;\u00a0<\/li>\n\n\n\n<li>Pour des motifs d\u2019int\u00e9r\u00eat public dans le domaine de la sant\u00e9 publique ;\u00a0<\/li>\n\n\n\n<li>A des fins archivistiques dans l\u2019int\u00e9r\u00eat public, \u00e0 des fins de recherche scientifique ou historique ou \u00e0 des fins statistiques ;<\/li>\n\n\n\n<li>A la constatation, \u00e0 l\u2019exercice ou \u00e0 la d\u00e9fense de droits en justice.<\/li>\n<\/ul>\n\n\n\n<p><strong>Droit de vous opposer au traitement de vos donn\u00e9es :<\/strong><\/p>\n\n\n\n<p>Vous avez le droit de vous opposer \u00e0 tout moment au traitement de vos donn\u00e9es personnelles \u00e0 moins que SPIRALE FORMATION CONSEIL COACHING ne pr\u00e9sente des motifs l\u00e9gitimes et imp\u00e9rieux pour le traitement.&nbsp;<\/p>\n\n\n\n<p><strong>Droit \u00e0 la limitation du traitement :<\/strong><\/p>\n\n\n\n<p>Vous avez le droit de demander \u00e0 ce que SPIRALE FORMATION CONSEIL COACHING limite l\u2019utilisation de vos donn\u00e9es personnelles dans les circonstances suivantes :<\/p>\n\n\n\n<ul class=\"wp-block-list\">\n<li>Vous contestez l\u2019exactitude de vos donn\u00e9es personnelles ;<\/li>\n\n\n\n<li>Le traitement est illicite et vous vous opposez \u00e0 leur effacement et exigez \u00e0 la place la limitation de leur utilisation ;\u00a0\u00a0<\/li>\n\n\n\n<li>SPIRALE FORMATION CONSEIL COACHING n\u2019a plus besoin de vos donn\u00e9es personnelles aux fins du traitement mais celles-ci vous sont encore n\u00e9cessaires pour la constatation, l\u2019exercice ou la d\u00e9fense de droits en justice,<\/li>\n\n\n\n<li>Vous vous \u00eates oppos\u00e9 au traitement pendant la v\u00e9rification portant sur le point de savoir si les motifs l\u00e9gitimes permettaient de poursuivre le traitement.\u00a0<\/li>\n<\/ul>\n\n\n\n<p><strong>Droit de ne pas faire l\u2019objet d\u2019une d\u00e9cision individuelle y compris le profilage<\/strong><\/p>\n\n\n\n<p>Vous avez le droit de ne pas faire l\u2019objet d\u2019une d\u00e9cision fond\u00e9e exclusivement sur un traitement automatis\u00e9, y compris le profilage, produisant des effets juridiques vous concernant ou vous affectant de mani\u00e8re significative.&nbsp;<\/p>\n\n\n\n<p><strong>Droit de r\u00e9clamation aupr\u00e8s d\u2019une autorit\u00e9 de surveillance&nbsp;<\/strong><\/p>\n\n\n\n<p>Si vous consid\u00e9rez que le traitement de vos donn\u00e9es personnelles constitue une violation de la l\u00e9gislation en vigueur, vous avez la possibilit\u00e9 d\u2019introduire une r\u00e9clamation aupr\u00e8s de la Commission nationale de l\u2019informatique et des libert\u00e9s (<a href=\"https:\/\/www.cnil.fr\/fr\/plaintes\">CNIL<\/a>).<\/p>\n\n\n\n<p><strong>Le d\u00e9l\u00e9gu\u00e9 \u00e0 la protection des donn\u00e9es (DPD)<\/strong><\/p>\n\n\n\n<p>SPIRALE FORMATION CONSEIL COACHING a d\u00e9sign\u00e9 un d\u00e9l\u00e9gu\u00e9 \u00e0 la protection des donn\u00e9es personnelles (DPD) qui veillera \u00e0 ce que vos donn\u00e9es personnelles soient syst\u00e9matiquement utilis\u00e9es de fa\u00e7on transparente, exacte et conforme \u00e0 la r\u00e9glementation applicable et \u00e0 prendre en compte vos demandes d\u2019exercices de droits d\u00e9finis ci-dessus.<\/p>\n\n\n\n<p>Vous pouvez contacter le DPD de SPIRALE FORMATION CONSEIL COACHING :<\/p>\n\n\n\n<ul class=\"wp-block-list\">\n<li>Soit par courrier postal \u00e0 l\u2019adresse suivante : SPIRALE FORMATION CONSEIL COACHING \u2013 D\u00e9l\u00e9gu\u00e9 \u00e0 la Protection des Donn\u00e9es \u2013 5, rue de la Bourre 19300 DARNETS<\/li>\n\n\n\n<li>Soit en lui adressant un courrier \u00e9lectronique \u00e0 l\u2019adresse\u00a0: dpd[at]spiralefcc.fr\u00a0en pr\u00e9cisant \u00ab\u00a0Droits Protection des Donn\u00e9es\u00a0\u00bb comme objet du message.<\/li>\n<\/ul>\n\n\n\n<p><strong>Confidentialit\u00e9 des donn\u00e9es personnelles<\/strong><\/p>\n\n\n\n<p>SPIRALE FORMATION CONSEIL COACHING garantit la confidentialit\u00e9 de vos donn\u00e9es personnelles trait\u00e9es et veille \u00e0 ce que les personnes autoris\u00e9es \u00e0 les traiter s\u2019engagent \u00e9galement \u00e0 respecter cette obligation de confidentialit\u00e9.<\/p>\n","protected":false},"excerpt":{"rendered":"<p>Dans le cadre de l\u2019exercice de ses comp\u00e9tences, SPIRALE FORMATION CONSEIL COACHING est amen\u00e9 \u00e0 traiter vos donn\u00e9es personnelles strictement n\u00e9cessaires \u00e0 la gestion (logistique, administrative et financi\u00e8re) de l\u2019organisme Les \u00ab donn\u00e9es \u00e0 caract\u00e8re personnel \u00bb (\u00ab donn\u00e9es personnelles \u00bb) sont les informations qui permettent de vous identifier directement ou indirectement.&nbsp; La confidentialit\u00e9 des donn\u00e9es personnelles est extr\u00eamement importante pour SPIRALE FORMATION CONSEIL COACHING qui veut \u00eatre transparente sur la fa\u00e7on dont sont utilis\u00e9es vos donn\u00e9es personnelles.&nbsp; Les pr\u00e9sentes mentions l\u00e9gales d\u00e9taillent les conditions dans lesquelles SPIRALE FORMATION CONSEIL COACHING s\u2019engage \u00e0 respecter vos droits en mati\u00e8re de donn\u00e9es personnelles conform\u00e9ment \u00e0 la r\u00e9glementation applicable en mati\u00e8re de donn\u00e9es \u00e0 caract\u00e8re personnel, \u00e0 savoir notamment : Identit\u00e9 du responsable de traitement Le responsable de traitement est SPIRALE FORMATION CONSEIL COACHING, en tant que personne morale, repr\u00e9sent\u00e9e par\u00a0Madame VANTALON-MENDEZ DianePr\u00e9sidente de la SASU SPIRALE FORMATION CONSEIL COACHING5, rue de la Bourre 19300 DARNETS Les sous-traitants SPIRALE FORMATION CONSEIL COACHING peut avoir recours \u00e0 des sous-traitants. SPIRALE FORMATION CONSEIL COACHING vous garantit qu\u2019elle v\u00e9rifie et exige que ses sous-traitants pr\u00e9sentent des garanties suffisantes en mati\u00e8re de protection des donn\u00e9es personnelles. Finalit\u00e9 de traitement A chaque collecte de vos donn\u00e9es personnelles, nous vous indiquerons la finalit\u00e9 du traitement concern\u00e9. SPIRALE FORMATION CONSEIL COACHING s\u2019engage \u00e0 ne collecter que les donn\u00e9es personnelles strictement n\u00e9cessaires \u00e0 la finalit\u00e9 du traitement.&nbsp;&nbsp; Base juridique du traitement et caract\u00e8re obligatoire ou facultatif de la collecte Pour chaque traitement sp\u00e9cifique des donn\u00e9es personnelles que nous collectons aupr\u00e8s de vous, nous vous indiquerons la base juridique de ce traitement (consentement, ex\u00e9cution contractuelle, obligation l\u00e9gale). Il sera aussi pr\u00e9cis\u00e9 si le recueil de vos donn\u00e9es personnelles est obligatoire ou facultatif ainsi que les cons\u00e9quences \u00e9ventuelles si vous choisissez de ne pas les communiquer. Si le traitement repose sur votre consentement, vous pouvez \u00e0 tout moment retirer votre consentement. Destinataires de vos donn\u00e9es personnelles. Pour chaque traitement sp\u00e9cifique des donn\u00e9es personnelles que SPIRALE FORMATION CONSEIL COACHING collecte aupr\u00e8s de vous, SPIRALE FORMATION CONSEIL COACHING vous indiquera les destinataires de ces donn\u00e9es. Ces destinataires pourront \u00eatre les services de SPIRALE FORMATION CONSEIL COACHING , ses sous-traitants et les financeurs (OPCO, P\u00f4le Emploi, \u2026). Les sous-traitants de SPIRALE FORMATION CONSEIL COACHING auront un acc\u00e8s limit\u00e9 aux seules donn\u00e9es personnelles strictement n\u00e9cessaires \u00e0 l\u2019ex\u00e9cution des prestations concern\u00e9es, et ont une obligation contractuelle de les utiliser en conformit\u00e9 avec la r\u00e9glementation en vigueur en mati\u00e8re de donn\u00e9es personnelles.&nbsp; SPIRALE FORMATION CONSEIL COACHING s\u2019engage \u00e0 ne transmettre \u00e0 aucun tiers vos donn\u00e9es personnelles, autres que de ses sous-traitants et les financeurs (OPCO, P\u00f4le Emploi, \u2026). En aucun cas, SPIRALE FORMATION CONSEIL COACHING ne commercialise, ne transf\u00e8re ou n\u2019\u00e9change \u00e0 des tiers \u00e0 des fins commerciales, vos donn\u00e9es personnelles. Dur\u00e9e de conservation des donn\u00e9es personnelles&nbsp; La dur\u00e9e de conservation de vos donn\u00e9es personnelles est strictement li\u00e9e \u00e0 la base juridique du traitement (contractuelle, l\u00e9gale et r\u00e9glementaire ou autre), \u00e0 la nature de la donn\u00e9e personnelle concern\u00e9e et \u00e0 la finalit\u00e9 du traitement. A chaque traitement sp\u00e9cifique, SPIRALE FORMATION CONSEIL COACHING vous indiquera la dur\u00e9e de conservation. A l\u2019issue de la dur\u00e9e de conservation strictement n\u00e9cessaire \u00e0 la finalit\u00e9 susmentionn\u00e9e ou en cas d\u2019exercice de vos droits, SPIRALE FORMATION CONSEIL COACHING s\u2019engage \u00e0 d\u00e9truire toutes vos donn\u00e9es personnelles dans la limite et les conditions pr\u00e9vues en mati\u00e8re de respect de ses obligations l\u00e9gales (voir ci-dessous \u00ab Vos droits \u00bb). S\u00e9curit\u00e9 des donn\u00e9es personnelles Dans le cadre de la mise en \u0153uvre de ses politiques publiques, SPIRALE FORMATION CONSEIL COACHING accorde la plus haute importance \u00e0 la s\u00e9curit\u00e9 de vos donn\u00e9es personnelles. SPIRALE FORMATION CONSEIL COACHING s\u2019engage \u00e0 prendre toutes les pr\u00e9cautions utiles et met en \u0153uvre des mesures de s\u00e9curit\u00e9 techniques et organisationnelles appropri\u00e9es pour garantir de fa\u00e7on permanente un niveau de protection adapt\u00e9 aux risques d\u2019atteinte \u00e0 votre vie priv\u00e9e et \u00e0 vos donn\u00e9es personnelles contre les alt\u00e9rations, destructions, violations et acc\u00e8s non autoris\u00e9s. Les donn\u00e9es \u00e0 caract\u00e8re personnel sont stock\u00e9es sur des serveurs d\u2019h\u00e9bergement situ\u00e9s dans l\u2019Union europ\u00e9enne ou dans des pays tiers dont le niveau de s\u00e9curit\u00e9 en mati\u00e8re de protection des donn\u00e9es \u00e0 caract\u00e8re personnel est en ad\u00e9quation avec celui propos\u00e9 dans l\u2019Union europ\u00e9enne et l\u2019Espace \u00e9conomique europ\u00e9en. Conform\u00e9ment \u00e0 la r\u00e9glementation en vigueur, SPIRALE FORMATION CONSEIL COACHING tient un registre des activit\u00e9s de traitement des donn\u00e9es \u00e0 caract\u00e8re personnel. Vos droits&nbsp; Droit d\u2019acc\u00e8s : Vous avez le droit de demander des informations sur les donn\u00e9es personnelles que nous d\u00e9tenons vous concernant. Droit \u00e0 la portabilit\u00e9 des donn\u00e9es personnelles : Le droit de portabilit\u00e9 s\u2019applique aux donn\u00e9es trait\u00e9es de mani\u00e8re automatis\u00e9e et collect\u00e9es sur la base de votre consentement pr\u00e9alable ou de l\u2019ex\u00e9cution d\u2019un contrat.&nbsp; Ce droit de portabilit\u00e9 vous donne droit : Droit de rectification : Vous avez le droit de demander la rectification de vos donn\u00e9es personnelles si elles sont inexactes, y compris pour compl\u00e9ter vos donn\u00e9es personnelles incompl\u00e8tes. Droit \u00e0 l\u2019effacement\/droit \u00e0 l\u2019oubli : Vous avez le droit de demander, \u00e0 tout moment, l\u2019effacement de toutes vos donn\u00e9es personnelles trait\u00e9es par SPIRALE FORMATION CONSEIL COACHING dans les cas suivants :&nbsp; Toutefois, ces obligations ne s\u2019appliquent pas dans la mesure o\u00f9 ce traitement de donn\u00e9es est n\u00e9cessaire :&nbsp; Droit de vous opposer au traitement de vos donn\u00e9es : Vous avez le droit de vous opposer \u00e0 tout moment au traitement de vos donn\u00e9es personnelles \u00e0 moins que SPIRALE FORMATION CONSEIL COACHING ne pr\u00e9sente des motifs l\u00e9gitimes et imp\u00e9rieux pour le traitement.&nbsp; Droit \u00e0 la limitation du traitement : Vous avez le droit de demander \u00e0 ce que SPIRALE FORMATION CONSEIL COACHING limite l\u2019utilisation de vos donn\u00e9es personnelles dans les circonstances suivantes : Droit de ne pas faire l\u2019objet d\u2019une d\u00e9cision individuelle y compris le profilage Vous avez le droit de ne pas faire l\u2019objet d\u2019une d\u00e9cision fond\u00e9e exclusivement sur un traitement automatis\u00e9, y compris le profilage, produisant des effets juridiques vous concernant ou vous affectant de mani\u00e8re significative.&nbsp; Droit de r\u00e9clamation aupr\u00e8s d\u2019une autorit\u00e9 de surveillance&nbsp; Si vous consid\u00e9rez que le traitement de vos donn\u00e9es personnelles constitue une violation de la l\u00e9gislation en vigueur, vous avez la possibilit\u00e9 d\u2019introduire une r\u00e9clamation aupr\u00e8s de la Commission nationale de l\u2019informatique et des libert\u00e9s (CNIL). Le d\u00e9l\u00e9gu\u00e9 \u00e0 la protection des donn\u00e9es (DPD) SPIRALE FORMATION CONSEIL COACHING a d\u00e9sign\u00e9 un d\u00e9l\u00e9gu\u00e9 \u00e0 la protection des donn\u00e9es personnelles (DPD) qui veillera \u00e0 ce que vos donn\u00e9es personnelles soient syst\u00e9matiquement utilis\u00e9es de fa\u00e7on transparente, exacte et conforme \u00e0 la r\u00e9glementation applicable et \u00e0 prendre en compte vos demandes d\u2019exercices de droits d\u00e9finis ci-dessus. Vous pouvez contacter le DPD de SPIRALE FORMATION CONSEIL COACHING : Confidentialit\u00e9 des donn\u00e9es personnelles SPIRALE FORMATION CONSEIL COACHING garantit la confidentialit\u00e9 de vos donn\u00e9es personnelles trait\u00e9es et veille \u00e0 ce que les personnes autoris\u00e9es \u00e0 les traiter s\u2019engagent \u00e9galement \u00e0 respecter cette obligation de confidentialit\u00e9.<\/p>\n","protected":false},"author":1,"featured_media":100,"parent":0,"menu_order":0,"comment_status":"closed","ping_status":"closed","template":"","meta":{"footnotes":""},"class_list":["post-99","page","type-page","status-publish","has-post-thumbnail","hentry"],"_links":{"self":[{"href":"https:\/\/spiralefcc.fr\/index.php?rest_route=\/wp\/v2\/pages\/99","targetHints":{"allow":["GET"]}}],"collection":[{"href":"https:\/\/spiralefcc.fr\/index.php?rest_route=\/wp\/v2\/pages"}],"about":[{"href":"https:\/\/spiralefcc.fr\/index.php?rest_route=\/wp\/v2\/types\/page"}],"author":[{"embeddable":true,"href":"https:\/\/spiralefcc.fr\/index.php?rest_route=\/wp\/v2\/users\/1"}],"replies":[{"embeddable":true,"href":"https:\/\/spiralefcc.fr\/index.php?rest_route=%2Fwp%2Fv2%2Fcomments&post=99"}],"version-history":[{"count":3,"href":"https:\/\/spiralefcc.fr\/index.php?rest_route=\/wp\/v2\/pages\/99\/revisions"}],"predecessor-version":[{"id":1082,"href":"https:\/\/spiralefcc.fr\/index.php?rest_route=\/wp\/v2\/pages\/99\/revisions\/1082"}],"wp:featuredmedia":[{"embeddable":true,"href":"https:\/\/spiralefcc.fr\/index.php?rest_route=\/wp\/v2\/media\/100"}],"wp:attachment":[{"href":"https:\/\/spiralefcc.fr\/index.php?rest_route=%2Fwp%2Fv2%2Fmedia&parent=99"}],"curies":[{"name":"wp","href":"https:\/\/api.w.org\/{rel}","templated":true}]}}